{"id":684,"date":"2018-11-15T10:02:30","date_gmt":"2018-11-15T09:02:30","guid":{"rendered":"http:\/\/verummedical.hu\/?page_id=684"},"modified":"2025-12-01T14:45:52","modified_gmt":"2025-12-01T13:45:52","slug":"arak","status":"publish","type":"page","link":"https:\/\/verummedical.hu\/en\/arak\/","title":{"rendered":"Prices"},"content":{"rendered":"<div data-elementor-type=\"wp-post\" data-elementor-id=\"684\" class=\"elementor elementor-684\">\n\t\t\t\t\t\t<div class=\"elementor-inner\">\n\t\t\t\t<div class=\"elementor-section-wrap\">\n\t\t\t\t\t\t\t<div class=\"elementor-element elementor-element-6607cc0 e-flex e-con-boxed e-con e-parent\" data-id=\"6607cc0\" data-element_type=\"container\" data-settings=\"{&quot;content_width&quot;:&quot;boxed&quot;}\" data-core-v316-plus=\"true\">\n\t\t\t\t\t<div class=\"e-con-inner\">\n\t\t\t\t<div class=\"elementor-element elementor-element-861acd6 elementor-widget elementor-widget-heading\" data-id=\"861acd6\" data-element_type=\"widget\" data-widget_type=\"heading.default\">\n\t\t\t\t<div class=\"elementor-widget-container\">\n\t\t\t<h1 class=\"elementor-heading-title elementor-size-default\">Prices<\/h1>\t\t<\/div>\n\t\t\t\t<\/div>\n\t\t\t\t<div class=\"elementor-element elementor-element-c70e3a7 elementor-widget elementor-widget-spacer\" data-id=\"c70e3a7\" data-element_type=\"widget\" data-widget_type=\"spacer.default\">\n\t\t\t\t<div class=\"elementor-widget-container\">\n\t\t\t\t\t<div class=\"elementor-spacer\">\n\t\t\t<div class=\"elementor-spacer-inner\"><\/div>\n\t\t<\/div>\n\t\t\t\t<\/div>\n\t\t\t\t<\/div>\n\t\t\t\t\t<\/div>\n\t\t\t\t<\/div>\n\t\t<div class=\"elementor-element elementor-element-8c9e86c e-flex e-con-boxed e-con e-parent\" data-id=\"8c9e86c\" data-element_type=\"container\" data-settings=\"{&quot;content_width&quot;:&quot;boxed&quot;}\" data-core-v316-plus=\"true\">\n\t\t\t\t\t<div class=\"e-con-inner\">\n\t\t<div class=\"elementor-element elementor-element-013d7b7 e-con-full e-flex e-con e-child\" data-id=\"013d7b7\" data-element_type=\"container\" data-settings=\"{&quot;content_width&quot;:&quot;full&quot;}\">\n\t\t\t\t<div class=\"elementor-element elementor-element-4bc0e54 elementor-widget elementor-widget-heading\" data-id=\"4bc0e54\" data-element_type=\"widget\" data-widget_type=\"heading.default\">\n\t\t\t\t<div class=\"elementor-widget-container\">\n\t\t\t<h2 class=\"elementor-heading-title elementor-size-default\">Gynecological consultation, ultrasound if necessary\n<\/h2>\t\t<\/div>\n\t\t\t\t<\/div>\n\t\t\t\t<div class=\"elementor-element elementor-element-91d66eb elementor-widget elementor-widget-heading\" data-id=\"91d66eb\" data-element_type=\"widget\" data-widget_type=\"heading.default\">\n\t\t\t\t<div class=\"elementor-widget-container\">\n\t\t\t<h2 class=\"elementor-heading-title elementor-size-default\">Dermatological mole, wart, Dermatoscopic examination<\/h2>\t\t<\/div>\n\t\t\t\t<\/div>\n\t\t\t\t<div class=\"elementor-element elementor-element-4ae554b elementor-widget elementor-widget-heading\" data-id=\"4ae554b\" data-element_type=\"widget\" data-widget_type=\"heading.default\">\n\t\t\t\t<div class=\"elementor-widget-container\">\n\t\t\t<h2 class=\"elementor-heading-title elementor-size-default\">Therapy - examination<\/h2>\t\t<\/div>\n\t\t\t\t<\/div>\n\t\t\t\t<div class=\"elementor-element elementor-element-2ee1bc8 elementor-widget elementor-widget-heading\" data-id=\"2ee1bc8\" data-element_type=\"widget\" data-widget_type=\"heading.default\">\n\t\t\t\t<div class=\"elementor-widget-container\">\n\t\t\t<h2 class=\"elementor-heading-title elementor-size-default\">Psychological consultation \/ hour<\/h2>\t\t<\/div>\n\t\t\t\t<\/div>\n\t\t\t\t<div class=\"elementor-element elementor-element-3005063 elementor-widget elementor-widget-heading\" data-id=\"3005063\" data-element_type=\"widget\" data-widget_type=\"heading.default\">\n\t\t\t\t<div class=\"elementor-widget-container\">\n\t\t\t<h2 class=\"elementor-heading-title elementor-size-default\">Urological examination + ultrasound if necessary<\/h2>\t\t<\/div>\n\t\t\t\t<\/div>\n\t\t\t\t<div class=\"elementor-element elementor-element-a3484fa elementor-widget elementor-widget-heading\" data-id=\"a3484fa\" data-element_type=\"widget\" data-widget_type=\"heading.default\">\n\t\t\t\t<div class=\"elementor-widget-container\">\n\t\t\t<h2 class=\"elementor-heading-title elementor-size-default\">Cardiology examination<\/h2>\t\t<\/div>\n\t\t\t\t<\/div>\n\t\t\t\t<div class=\"elementor-element elementor-element-44ebc13 elementor-widget elementor-widget-heading\" data-id=\"44ebc13\" data-element_type=\"widget\" data-widget_type=\"heading.default\">\n\t\t\t\t<div class=\"elementor-widget-container\">\n\t\t\t<h2 class=\"elementor-heading-title elementor-size-default\">Kardiol\u00f3giai konzult\u00e1ci\u00f3 sz\u00edvultrahanggal<\/h2>\t\t<\/div>\n\t\t\t\t<\/div>\n\t\t\t\t<div class=\"elementor-element elementor-element-a97867e elementor-widget elementor-widget-heading\" data-id=\"a97867e\" data-element_type=\"widget\" data-widget_type=\"heading.default\">\n\t\t\t\t<div class=\"elementor-widget-container\">\n\t\t\t<h2 class=\"elementor-heading-title elementor-size-default\">Sz\u00edv ultrahang vizsg\u00e1lat orvosi v\u00e9lem\u00e9nnyel<\/h2>\t\t<\/div>\n\t\t\t\t<\/div>\n\t\t\t\t<div class=\"elementor-element elementor-element-08595b0 elementor-widget elementor-widget-heading\" data-id=\"08595b0\" data-element_type=\"widget\" data-widget_type=\"heading.default\">\n\t\t\t\t<div class=\"elementor-widget-container\">\n\t\t\t<h2 class=\"elementor-heading-title elementor-size-default\">Hasi ultrahang vizsg\u00e1lat orvosi v\u00e9lem\u00e9nnyel<\/h2>\t\t<\/div>\n\t\t\t\t<\/div>\n\t\t\t\t<div class=\"elementor-element elementor-element-0b11c8e elementor-widget elementor-widget-heading\" data-id=\"0b11c8e\" data-element_type=\"widget\" data-widget_type=\"heading.default\">\n\t\t\t\t<div class=\"elementor-widget-container\">\n\t\t\t<h2 class=\"elementor-heading-title elementor-size-default\">Breast ultrasound with medical opinion<\/h2>\t\t<\/div>\n\t\t\t\t<\/div>\n\t\t\t\t<div class=\"elementor-element elementor-element-17601c2 elementor-widget elementor-widget-heading\" data-id=\"17601c2\" data-element_type=\"widget\" data-widget_type=\"heading.default\">\n\t\t\t\t<div class=\"elementor-widget-container\">\n\t\t\t<h2 class=\"elementor-heading-title elementor-size-default\">Thyroid ultrasound with medical opinion<\/h2>\t\t<\/div>\n\t\t\t\t<\/div>\n\t\t\t\t<div class=\"elementor-element elementor-element-fa7a8d4 elementor-widget elementor-widget-heading\" data-id=\"fa7a8d4\" data-element_type=\"widget\" data-widget_type=\"heading.default\">\n\t\t\t\t<div class=\"elementor-widget-container\">\n\t\t\t<h2 class=\"elementor-heading-title elementor-size-default\">EKG<\/h2>\t\t<\/div>\n\t\t\t\t<\/div>\n\t\t\t\t<div class=\"elementor-element elementor-element-c2622eb elementor-widget elementor-widget-heading\" data-id=\"c2622eb\" data-element_type=\"widget\" data-widget_type=\"heading.default\">\n\t\t\t\t<div class=\"elementor-widget-container\">\n\t\t\t<h2 class=\"elementor-heading-title elementor-size-default\">Private company doctor<\/h2>\t\t<\/div>\n\t\t\t\t<\/div>\n\t\t\t\t<div class=\"elementor-element elementor-element-78aea35 elementor-widget elementor-widget-heading\" data-id=\"78aea35\" data-element_type=\"widget\" data-widget_type=\"heading.default\">\n\t\t\t\t<div class=\"elementor-widget-container\">\n\t\t\t<h2 class=\"elementor-heading-title elementor-size-default\">Laboratory blood sampling fee<\/h2>\t\t<\/div>\n\t\t\t\t<\/div>\n\t\t\t\t<div class=\"elementor-element elementor-element-3e52147 elementor-widget elementor-widget-heading\" data-id=\"3e52147\" data-element_type=\"widget\" data-widget_type=\"heading.default\">\n\t\t\t\t<div class=\"elementor-widget-container\">\n\t\t\t<h2 class=\"elementor-heading-title elementor-size-default\">Lab (Spektrumlab)<\/h2>\t\t<\/div>\n\t\t\t\t<\/div>\n\t\t\t\t<div class=\"elementor-element elementor-element-7e53f69 elementor-widget elementor-widget-heading\" data-id=\"7e53f69\" data-element_type=\"widget\" data-widget_type=\"heading.default\">\n\t\t\t\t<div class=\"elementor-widget-container\">\n\t\t\t<h2 class=\"elementor-heading-title elementor-size-default\">Cytology<\/h2>\t\t<\/div>\n\t\t\t\t<\/div>\n\t\t\t\t<div class=\"elementor-element elementor-element-644748f elementor-widget elementor-widget-heading\" data-id=\"644748f\" data-element_type=\"widget\" data-widget_type=\"heading.default\">\n\t\t\t\t<div class=\"elementor-widget-container\">\n\t\t\t<h2 class=\"elementor-heading-title elementor-size-default\">Medical opinion \/ Medical opinion in 2 languages<\/h2>\t\t<\/div>\n\t\t\t\t<\/div>\n\t\t\t\t<div class=\"elementor-element elementor-element-f8b9636 elementor-widget elementor-widget-heading\" data-id=\"f8b9636\" data-element_type=\"widget\" data-widget_type=\"heading.default\">\n\t\t\t\t<div class=\"elementor-widget-container\">\n\t\t\t<h2 class=\"elementor-heading-title elementor-size-default\">prescription writing<\/h2>\t\t<\/div>\n\t\t\t\t<\/div>\n\t\t\t\t<div class=\"elementor-element elementor-element-9f82acb elementor-widget elementor-widget-heading\" data-id=\"9f82acb\" data-element_type=\"widget\" data-widget_type=\"heading.default\">\n\t\t\t\t<div class=\"elementor-widget-container\">\n\t\t\t<h2 class=\"elementor-heading-title elementor-size-default\">Analysis decoding with medical recommendations<\/h2>\t\t<\/div>\n\t\t\t\t<\/div>\n\t\t\t\t<\/div>\n\t\t<div class=\"elementor-element elementor-element-ae8297f e-con-full e-flex e-con e-child\" data-id=\"ae8297f\" data-element_type=\"container\" data-settings=\"{&quot;content_width&quot;:&quot;full&quot;}\">\n\t\t\t\t<div class=\"elementor-element elementor-element-6d88eec elementor-widget elementor-widget-heading\" data-id=\"6d88eec\" data-element_type=\"widget\" data-widget_type=\"heading.default\">\n\t\t\t\t<div class=\"elementor-widget-container\">\n\t\t\t<h2 class=\"elementor-heading-title elementor-size-default\">40.000 Ft<\/h2>\t\t<\/div>\n\t\t\t\t<\/div>\n\t\t\t\t<div class=\"elementor-element elementor-element-31fa81d elementor-widget elementor-widget-heading\" data-id=\"31fa81d\" data-element_type=\"widget\" data-widget_type=\"heading.default\">\n\t\t\t\t<div class=\"elementor-widget-container\">\n\t\t\t<h2 class=\"elementor-heading-title elementor-size-default\">40.000-58.000 Ft<\/h2>\t\t<\/div>\n\t\t\t\t<\/div>\n\t\t\t\t<div class=\"elementor-element elementor-element-558559b elementor-widget elementor-widget-heading\" data-id=\"558559b\" data-element_type=\"widget\" data-widget_type=\"heading.default\">\n\t\t\t\t<div class=\"elementor-widget-container\">\n\t\t\t<h2 class=\"elementor-heading-title elementor-size-default\">40.000 Ft<\/h2>\t\t<\/div>\n\t\t\t\t<\/div>\n\t\t\t\t<div class=\"elementor-element elementor-element-dc51786 elementor-widget elementor-widget-heading\" data-id=\"dc51786\" data-element_type=\"widget\" data-widget_type=\"heading.default\">\n\t\t\t\t<div class=\"elementor-widget-container\">\n\t\t\t<h2 class=\"elementor-heading-title elementor-size-default\">28.000 Ft<\/h2>\t\t<\/div>\n\t\t\t\t<\/div>\n\t\t\t\t<div class=\"elementor-element elementor-element-fddfbcc elementor-widget elementor-widget-heading\" data-id=\"fddfbcc\" data-element_type=\"widget\" data-widget_type=\"heading.default\">\n\t\t\t\t<div class=\"elementor-widget-container\">\n\t\t\t<h2 class=\"elementor-heading-title elementor-size-default\">42.000 Ft<\/h2>\t\t<\/div>\n\t\t\t\t<\/div>\n\t\t\t\t<div class=\"elementor-element elementor-element-8fc8baf elementor-widget elementor-widget-heading\" data-id=\"8fc8baf\" data-element_type=\"widget\" data-widget_type=\"heading.default\">\n\t\t\t\t<div class=\"elementor-widget-container\">\n\t\t\t<h2 class=\"elementor-heading-title elementor-size-default\">42.000 Ft<\/h2>\t\t<\/div>\n\t\t\t\t<\/div>\n\t\t\t\t<div class=\"elementor-element elementor-element-34e2a24 elementor-widget elementor-widget-heading\" data-id=\"34e2a24\" data-element_type=\"widget\" data-widget_type=\"heading.default\">\n\t\t\t\t<div class=\"elementor-widget-container\">\n\t\t\t<h2 class=\"elementor-heading-title elementor-size-default\">51.000 Ft<\/h2>\t\t<\/div>\n\t\t\t\t<\/div>\n\t\t\t\t<div class=\"elementor-element elementor-element-c163ef4 elementor-widget elementor-widget-heading\" data-id=\"c163ef4\" data-element_type=\"widget\" data-widget_type=\"heading.default\">\n\t\t\t\t<div class=\"elementor-widget-container\">\n\t\t\t<h2 class=\"elementor-heading-title elementor-size-default\">38.000 Ft<\/h2>\t\t<\/div>\n\t\t\t\t<\/div>\n\t\t\t\t<div class=\"elementor-element elementor-element-26ac98c elementor-widget elementor-widget-heading\" data-id=\"26ac98c\" data-element_type=\"widget\" data-widget_type=\"heading.default\">\n\t\t\t\t<div class=\"elementor-widget-container\">\n\t\t\t<h2 class=\"elementor-heading-title elementor-size-default\">30.000 Ft<\/h2>\t\t<\/div>\n\t\t\t\t<\/div>\n\t\t\t\t<div class=\"elementor-element elementor-element-9bc8dfc elementor-widget elementor-widget-heading\" data-id=\"9bc8dfc\" data-element_type=\"widget\" data-widget_type=\"heading.default\">\n\t\t\t\t<div class=\"elementor-widget-container\">\n\t\t\t<h2 class=\"elementor-heading-title elementor-size-default\">20.000 Ft<\/h2>\t\t<\/div>\n\t\t\t\t<\/div>\n\t\t\t\t<div class=\"elementor-element elementor-element-4632b0e elementor-widget elementor-widget-heading\" data-id=\"4632b0e\" data-element_type=\"widget\" data-widget_type=\"heading.default\">\n\t\t\t\t<div class=\"elementor-widget-container\">\n\t\t\t<h2 class=\"elementor-heading-title elementor-size-default\">20.000 Ft<\/h2>\t\t<\/div>\n\t\t\t\t<\/div>\n\t\t\t\t<div class=\"elementor-element elementor-element-e88d7c0 elementor-widget elementor-widget-heading\" data-id=\"e88d7c0\" data-element_type=\"widget\" data-widget_type=\"heading.default\">\n\t\t\t\t<div class=\"elementor-widget-container\">\n\t\t\t<h2 class=\"elementor-heading-title elementor-size-default\">20.000 Ft<\/h2>\t\t<\/div>\n\t\t\t\t<\/div>\n\t\t\t\t<div class=\"elementor-element elementor-element-e6001d2 elementor-widget elementor-widget-heading\" data-id=\"e6001d2\" data-element_type=\"widget\" data-widget_type=\"heading.default\">\n\t\t\t\t<div class=\"elementor-widget-container\">\n\t\t\t<h2 class=\"elementor-heading-title elementor-size-default\">24.000 Ft\/F\u0151\/\u00c9v<\/h2>\t\t<\/div>\n\t\t\t\t<\/div>\n\t\t\t\t<div class=\"elementor-element elementor-element-e4b3bfc elementor-widget elementor-widget-heading\" data-id=\"e4b3bfc\" data-element_type=\"widget\" data-widget_type=\"heading.default\">\n\t\t\t\t<div class=\"elementor-widget-container\">\n\t\t\t<h2 class=\"elementor-heading-title elementor-size-default\">4.000 Ft<\/h2>\t\t<\/div>\n\t\t\t\t<\/div>\n\t\t\t\t<div class=\"elementor-element elementor-element-815d56d elementor-widget elementor-widget-heading\" data-id=\"815d56d\" data-element_type=\"widget\" data-widget_type=\"heading.default\">\n\t\t\t\t<div class=\"elementor-widget-container\">\n\t\t\t<h2 class=\"elementor-heading-title elementor-size-default\">partner price<\/h2>\t\t<\/div>\n\t\t\t\t<\/div>\n\t\t\t\t<div class=\"elementor-element elementor-element-fce42c3 elementor-widget elementor-widget-heading\" data-id=\"fce42c3\" data-element_type=\"widget\" data-widget_type=\"heading.default\">\n\t\t\t\t<div class=\"elementor-widget-container\">\n\t\t\t<h2 class=\"elementor-heading-title elementor-size-default\">partner price<\/h2>\t\t<\/div>\n\t\t\t\t<\/div>\n\t\t\t\t<div class=\"elementor-element elementor-element-a3cbc08 elementor-widget elementor-widget-heading\" data-id=\"a3cbc08\" data-element_type=\"widget\" data-widget_type=\"heading.default\">\n\t\t\t\t<div class=\"elementor-widget-container\">\n\t\t\t<h2 class=\"elementor-heading-title elementor-size-default\">10.000 Ft<\/h2>\t\t<\/div>\n\t\t\t\t<\/div>\n\t\t\t\t<div class=\"elementor-element elementor-element-56c2c36 elementor-widget elementor-widget-heading\" data-id=\"56c2c36\" data-element_type=\"widget\" data-widget_type=\"heading.default\">\n\t\t\t\t<div class=\"elementor-widget-container\">\n\t\t\t<h2 class=\"elementor-heading-title elementor-size-default\">5.000 Ft\/db\/h\u00f3nap<\/h2>\t\t<\/div>\n\t\t\t\t<\/div>\n\t\t\t\t<div class=\"elementor-element elementor-element-5894a81 elementor-widget elementor-widget-heading\" data-id=\"5894a81\" data-element_type=\"widget\" data-widget_type=\"heading.default\">\n\t\t\t\t<div class=\"elementor-widget-container\">\n\t\t\t<h2 class=\"elementor-heading-title elementor-size-default\">25.000 Ft\/db<\/h2>\t\t<\/div>\n\t\t\t\t<\/div>\n\t\t\t\t<\/div>\n\t\t\t\t\t<\/div>\n\t\t\t\t<\/div>\n\t\t<div class=\"elementor-element elementor-element-b33bf68 e-flex e-con-boxed e-con e-parent\" data-id=\"b33bf68\" data-element_type=\"container\" data-settings=\"{&quot;content_width&quot;:&quot;boxed&quot;}\" data-core-v316-plus=\"true\">\n\t\t\t\t\t<div class=\"e-con-inner\">\n\t\t\t\t<div class=\"elementor-element elementor-element-0a2a0cf elementor-widget elementor-widget-rt-cta\" data-id=\"0a2a0cf\" data-element_type=\"widget\" data-widget_type=\"rt-cta.default\">\n\t\t\t\t<div class=\"elementor-widget-container\">\n\t\t\t\r\n<div class=\"call-to-action-wrap-layout4\">\r\n    <div class=\"item-img\">\r\n           <\/div>\r\n    <div class=\"container\">\r\n        <div class=\"row\">\r\n            <div class=\"col-xl-12 col-lg-8 col-md-12 col-12\">\r\n                <div class=\"call-to-action-box-layout4\">\r\n                    <h2 class=\"item-title\">Would you like to make an appointment? Use our online appointment booking system!<\/h2>\r\n                    <div class=\"call-to-action-phone\">\r\n                                            <\/div>\r\n\t\t\t\t\t\t\t\t\t\t\t<div class=\"call-to-action-btn\">\r\n\t\t\t\t\t\t\t<a class=\"item-btn\">Make an appointment online<\/a>\t\t\t\t\t\t\t\t\t\r\n\t\t\t\t\t\t<\/div>\t\t\r\n\t\t\t\t\t\t                 \r\n                <\/div>\r\n            <\/div>\r\n        <\/div>\r\n    <\/div>\r\n<\/div>\t\t<\/div>\n\t\t\t\t<\/div>\n\t\t\t\t\t<\/div>\n\t\t\t\t<\/div>\n\t\t\t\t\t\t\t\t\t<\/div>\n\t\t\t<\/div>\n\t\t\t\t\t<\/div>","protected":false},"excerpt":{"rendered":"<p>\u00c1raink N\u0151gy\u00f3gy\u00e1szati konzult\u00e1ci\u00f3 sz\u00fcks\u00e9g szerint ultrahang B\u0151rgy\u00f3gy\u00e1szati anyajegy, szem\u00f6lcs, stb.., dermotoszk\u00f3pos vizsg\u00e1lat Belgy\u00f3gy\u00e1szati szakorvosi vizsg\u00e1lat Pszichol\u00f3giai konzult\u00e1ci\u00f3 \/ \u00f3ra Urol\u00f3giai vizsg\u00e1lat + sz\u00fcks\u00e9g szerint ultrahang Kardiol\u00f3giai vizsg\u00e1lat Kardiol\u00f3giai konzult\u00e1ci\u00f3 sz\u00edvultrahanggal Sz\u00edv ultrahang vizsg\u00e1lat orvosi v\u00e9lem\u00e9nnyel Hasi ultrahang vizsg\u00e1lat orvosi v\u00e9lem\u00e9nnyel Mell ultrahang orvosi v\u00e9lem\u00e9nnyel Pajzsmirigy ultrahang orvosi v\u00e9lem\u00e9nnyel EKG Mag\u00e1n \u00fczemorvos Labor v\u00e9rv\u00e9teli d\u00edja Labor&#8230;<\/p>","protected":false},"author":1,"featured_media":0,"parent":0,"menu_order":0,"comment_status":"closed","ping_status":"closed","template":"","meta":{"_themeisle_gutenberg_block_has_review":false},"yoast_head":"<!-- This site is optimized with the Yoast SEO plugin v22.0 - https:\/\/yoast.com\/wordpress\/plugins\/seo\/ -->\n<title>\u00c1rak - Verum Medical<\/title>\n<meta name=\"robots\" content=\"index, follow, max-snippet:-1, max-image-preview:large, max-video-preview:-1\" \/>\n<link rel=\"canonical\" href=\"https:\/\/verummedical.hu\/en\/arak\/\" \/>\n<meta property=\"og:locale\" content=\"en_GB\" \/>\n<meta property=\"og:type\" content=\"article\" \/>\n<meta property=\"og:title\" content=\"\u00c1rak - Verum Medical\" \/>\n<meta property=\"og:description\" content=\"\u00c1raink N\u0151gy\u00f3gy\u00e1szati konzult\u00e1ci\u00f3 sz\u00fcks\u00e9g szerint ultrahang B\u0151rgy\u00f3gy\u00e1szati anyajegy, szem\u00f6lcs, stb.., dermotoszk\u00f3pos vizsg\u00e1lat Belgy\u00f3gy\u00e1szati szakorvosi vizsg\u00e1lat Pszichol\u00f3giai konzult\u00e1ci\u00f3 \/ \u00f3ra Urol\u00f3giai vizsg\u00e1lat + sz\u00fcks\u00e9g szerint ultrahang Kardiol\u00f3giai vizsg\u00e1lat Kardiol\u00f3giai konzult\u00e1ci\u00f3 sz\u00edvultrahanggal Sz\u00edv ultrahang vizsg\u00e1lat orvosi v\u00e9lem\u00e9nnyel Hasi ultrahang vizsg\u00e1lat orvosi v\u00e9lem\u00e9nnyel Mell ultrahang orvosi v\u00e9lem\u00e9nnyel Pajzsmirigy ultrahang orvosi v\u00e9lem\u00e9nnyel EKG Mag\u00e1n \u00fczemorvos Labor v\u00e9rv\u00e9teli d\u00edja Labor...\" \/>\n<meta property=\"og:url\" content=\"https:\/\/verummedical.hu\/en\/arak\/\" \/>\n<meta property=\"og:site_name\" content=\"Verum Medical\" \/>\n<meta property=\"article:modified_time\" content=\"2025-12-01T13:45:52+00:00\" \/>\n<meta name=\"twitter:card\" content=\"summary_large_image\" \/>\n<meta name=\"twitter:label1\" content=\"Estimated reading time\" \/>\n\t<meta name=\"twitter:data1\" content=\"1 minute\" \/>\n<!-- \/ Yoast SEO plugin. -->","yoast_head_json":{"title":"\u00c1rak - Verum Medical","robots":{"index":"index","follow":"follow","max-snippet":"max-snippet:-1","max-image-preview":"max-image-preview:large","max-video-preview":"max-video-preview:-1"},"canonical":"https:\/\/verummedical.hu\/en\/arak\/","og_locale":"en_GB","og_type":"article","og_title":"\u00c1rak - Verum Medical","og_description":"\u00c1raink N\u0151gy\u00f3gy\u00e1szati konzult\u00e1ci\u00f3 sz\u00fcks\u00e9g szerint ultrahang B\u0151rgy\u00f3gy\u00e1szati anyajegy, szem\u00f6lcs, stb.., dermotoszk\u00f3pos vizsg\u00e1lat Belgy\u00f3gy\u00e1szati szakorvosi vizsg\u00e1lat Pszichol\u00f3giai konzult\u00e1ci\u00f3 \/ \u00f3ra Urol\u00f3giai vizsg\u00e1lat + sz\u00fcks\u00e9g szerint ultrahang Kardiol\u00f3giai vizsg\u00e1lat Kardiol\u00f3giai konzult\u00e1ci\u00f3 sz\u00edvultrahanggal Sz\u00edv ultrahang vizsg\u00e1lat orvosi v\u00e9lem\u00e9nnyel Hasi ultrahang vizsg\u00e1lat orvosi v\u00e9lem\u00e9nnyel Mell ultrahang orvosi v\u00e9lem\u00e9nnyel Pajzsmirigy ultrahang orvosi v\u00e9lem\u00e9nnyel EKG Mag\u00e1n \u00fczemorvos Labor v\u00e9rv\u00e9teli d\u00edja Labor...","og_url":"https:\/\/verummedical.hu\/en\/arak\/","og_site_name":"Verum Medical","article_modified_time":"2025-12-01T13:45:52+00:00","twitter_card":"summary_large_image","twitter_misc":{"Estimated reading time":"1 minute"},"schema":{"@context":"https:\/\/schema.org","@graph":[]}},"_links":{"self":[{"href":"https:\/\/verummedical.hu\/en\/wp-json\/wp\/v2\/pages\/684"}],"collection":[{"href":"https:\/\/verummedical.hu\/en\/wp-json\/wp\/v2\/pages"}],"about":[{"href":"https:\/\/verummedical.hu\/en\/wp-json\/wp\/v2\/types\/page"}],"author":[{"embeddable":true,"href":"https:\/\/verummedical.hu\/en\/wp-json\/wp\/v2\/users\/1"}],"replies":[{"embeddable":true,"href":"https:\/\/verummedical.hu\/en\/wp-json\/wp\/v2\/comments?post=684"}],"version-history":[{"count":107,"href":"https:\/\/verummedical.hu\/en\/wp-json\/wp\/v2\/pages\/684\/revisions"}],"predecessor-version":[{"id":7131,"href":"https:\/\/verummedical.hu\/en\/wp-json\/wp\/v2\/pages\/684\/revisions\/7131"}],"wp:attachment":[{"href":"https:\/\/verummedical.hu\/en\/wp-json\/wp\/v2\/media?parent=684"}],"curies":[{"name":"wp","href":"https:\/\/api.w.org\/{rel}","templated":true}]}}