{"id":6936,"date":"2024-08-26T11:12:31","date_gmt":"2024-08-26T09:12:31","guid":{"rendered":"https:\/\/verummedical.hu\/?page_id=6936"},"modified":"2024-08-26T11:16:06","modified_gmt":"2024-08-26T09:16:06","slug":"foglalkozas-egeszsegugy","status":"publish","type":"page","link":"https:\/\/verummedical.hu\/en\/foglalkozas-egeszsegugy\/","title":{"rendered":"Foglalkoz\u00e1s-Eg\u00e9szs\u00e9g\u00fcgy"},"content":{"rendered":"<div data-elementor-type=\"wp-post\" data-elementor-id=\"6936\" class=\"elementor elementor-6936\">\n\t\t\t\t\t\t<div class=\"elementor-inner\">\n\t\t\t\t<div class=\"elementor-section-wrap\">\n\t\t\t\t\t\t\t<div class=\"elementor-element elementor-element-e6cb0f7 e-flex e-con-boxed e-con e-parent\" data-id=\"e6cb0f7\" data-element_type=\"container\" data-settings=\"{&quot;content_width&quot;:&quot;boxed&quot;}\" data-core-v316-plus=\"true\">\n\t\t\t\t\t<div class=\"e-con-inner\">\n\t\t\t\t<div class=\"elementor-element elementor-element-577b56b elementor-widget elementor-widget-heading\" data-id=\"577b56b\" data-element_type=\"widget\" data-widget_type=\"heading.default\">\n\t\t\t\t<div class=\"elementor-widget-container\">\n\t\t\t<h2 class=\"elementor-heading-title elementor-size-default\">Foglalkoz\u00e1s-eg\u00e9szs\u00e9g\u00fcgy a Verum Medical Centerben<\/h2>\t\t<\/div>\n\t\t\t\t<\/div>\n\t\t\t\t\t<\/div>\n\t\t\t\t<\/div>\n\t\t<div class=\"elementor-element elementor-element-7e778aa e-flex e-con-boxed e-con e-parent\" data-id=\"7e778aa\" data-element_type=\"container\" data-settings=\"{&quot;content_width&quot;:&quot;boxed&quot;}\" data-core-v316-plus=\"true\">\n\t\t\t\t\t<div class=\"e-con-inner\">\n\t\t\t\t<div class=\"elementor-element elementor-element-b2891e8 elementor-widget elementor-widget-accordion\" data-id=\"b2891e8\" data-element_type=\"widget\" data-widget_type=\"accordion.default\">\n\t\t\t\t<div class=\"elementor-widget-container\">\n\t\t\t\t\t<div class=\"elementor-accordion\">\n\t\t\t\t\t\t\t<div class=\"elementor-accordion-item\">\n\t\t\t\t\t<div id=\"elementor-tab-title-1871\" class=\"elementor-tab-title\" data-tab=\"1\" role=\"button\" aria-controls=\"elementor-tab-content-1871\" aria-expanded=\"false\">\n\t\t\t\t\t\t\t\t\t\t\t\t\t<span class=\"elementor-accordion-icon elementor-accordion-icon-left\" aria-hidden=\"true\">\n\t\t\t\t\t\t\t\t\t\t\t\t\t\t\t<span class=\"elementor-accordion-icon-closed\"><i class=\"fas fa-plus\"><\/i><\/span>\n\t\t\t\t\t\t\t\t<span class=\"elementor-accordion-icon-opened\"><i class=\"fas fa-minus\"><\/i><\/span>\n\t\t\t\t\t\t\t\t\t\t\t\t\t\t<\/span>\n\t\t\t\t\t\t\t\t\t\t\t\t<a class=\"elementor-accordion-title\" tabindex=\"0\">Munkak\u00f6ri alkalmass\u00e1gi vizsg\u00e1latok a Verum Medical Centerben<\/a>\n\t\t\t\t\t<\/div>\n\t\t\t\t\t<div id=\"elementor-tab-content-1871\" class=\"elementor-tab-content elementor-clearfix\" data-tab=\"1\" role=\"region\" aria-labelledby=\"elementor-tab-title-1871\"><div class=\"elementor-element elementor-element-4709bce elementor-widget elementor-widget-text-editor\" data-id=\"4709bce\" data-element_type=\"widget\" data-widget_type=\"text-editor.default\"><div class=\"elementor-widget-container\"><div class=\"elementor-text-editor elementor-clearfix\"><p style=\"font-weight: 400;\">A Munkav\u00e9delemr\u0151l sz\u00f3l\u00f3 T\u00f6rv\u00e9ny \u00e9rtelm\u00e9ben <strong>Minden munk\u00e1ltat\u00f3 k\u00f6teles foglalkoz\u00e1s-eg\u00e9szs\u00e9g\u00fcgyi ell\u00e1t\u00e1st (k\u00f6znyelven: \u00fczemorvosi szolg\u00e1ltat\u00e1st vagy munkaalkalmass\u00e1gi vizsg\u00e1latot) biztos\u00edtani valamennyi munkav\u00e1llal\u00f3ja sz\u00e1m\u00e1ra a munkav\u00e9delemr\u0151l sz\u00f3l\u00f3 1993. \u00e9vi XCIII. T\u00f6rv\u00e9ny alapj\u00e1n.<\/strong><\/p><p style=\"font-weight: 400;\"><strong>N\u00e9gyf\u00e9le alkalmass\u00e1gi vizsg\u00e1latot k\u00fcl\u00f6nb\u00f6ztet\u00fcnk meg az elv\u00e9gz\u00e9s\u00fck esed\u00e9kess\u00e9ge szerint:<\/strong><\/p><ul style=\"font-weight: 400;\"><li><strong>El\u0151zetes,<\/strong>\u00a0amit a munkav\u00e1llal\u00f3 alkalmaz\u00e1sba l\u00e9p\u00e9se el\u0151tt sz\u00fcks\u00e9ges elv\u00e9gezni<\/li><li><strong>Id\u0151szakos<\/strong>, amit \u00e1ltal\u00e1ban \u00e9vente, a fel\u00fclvizsg\u00e1latkor kell elv\u00e9gezni<\/li><li><strong>Soron k\u00edv\u00fcli<\/strong>\u00a0amit a munk\u00e1ltat\u00f3 rendel el saj\u00e1t meg\u00edt\u00e9l\u00e9se szerint<\/li><li><strong>Z\u00e1r\u00f3<\/strong>, amit r\u00e1kkelt\u0151 anyagokkal dolgoz\u00f3 munkav\u00e1llal\u00f3kn\u00e1l mindenk\u00e9ppen sz\u00fcks\u00e9ges elv\u00e9gezni a dolgoz\u00f3 kil\u00e9p\u00e9sekor<\/li><\/ul><p style=\"font-weight: 400;\">C\u00e9g\u00fcnk foglalkoz\u00e1s-eg\u00e9szs\u00e9g\u00fcgyi szolg\u00e1ltat\u00e1st &#8211; \u00fczemorvosi ell\u00e1t\u00e1st\u00a0 ny\u00fajt egyszem\u00e9lyes c\u00e9gekt\u0151l, a t\u00f6bb sz\u00e1z f\u0151s int\u00e9zm\u00e9nyekig A lehet\u0151 leggyorsabb el\u0151jegyz\u00e9ssel.<\/p><p style=\"font-weight: 400;\"><strong>Az alapszolg\u00e1ltat\u00e1s keret\u00e9ben C\u00e9g\u00fcnk elv\u00e9gzi<\/strong>\u00a0a vonatkoz\u00f3 jogszab\u00e1lyokban felsorolt \u00f6sszes orvosi tev\u00e9kenys\u00e9get, \u00edgy k\u00fcl\u00f6n\u00f6sen:<\/p><ul style=\"font-weight: 400;\"><li>Munkak\u00f6ri alkalmass\u00e1gi vizsg\u00e1latot<\/li><li>Foglalkoz\u00e1si betegs\u00e9gek kivizsg\u00e1l\u00e1s\u00e1t<\/li><li>A munkav\u00e9gz\u00e9s eg\u00e9szs\u00e9gk\u00e1ros\u00edt\u00f3 hat\u00e1sainak vizsg\u00e1lat\u00e1t<\/li><li>Tan\u00e1csad\u00e1st az egy\u00e9ni v\u00e9d\u0151eszk\u00f6z\u00f6k haszn\u00e1lat\u00e1hoz<\/li><li>Munkav\u00e1llal\u00f3k r\u00e9sz\u00e9re tan\u00e1csad\u00e1st a munkak\u00f6r\u00fclm\u00e9nyek vesz\u00e9lyforr\u00e1sair\u00f3l<\/li><li>Az esed\u00e9kess\u00e9 v\u00e1l\u00f3 sz\u0171r\u0151vizsg\u00e1latok elv\u00e9geztet\u00e9s\u00e9re (pl. t\u00fcd\u0151sz\u0171r\u00e9s) felh\u00edvjuk a figyelmet.<\/li><li>K\u00f6zrem\u0171k\u00f6d\u00fcnk a munkahelyi vesz\u00e9lyforr\u00e1sok, a s\u00fcrg\u0151s orvosi ell\u00e1t\u00e1s megszervez\u00e9s\u00e9ben, az els\u0151seg\u00e9lyny\u00fajt\u00f3k felk\u00e9sz\u00edt\u00e9s\u00e9ben \u00e9s a rehabilit\u00e1ci\u00f3s tervek kidolgoz\u00e1s\u00e1ban.<\/li><\/ul><p style=\"font-weight: 400;\"><strong>A Fentieken t\u00fal<\/strong><\/p><ul style=\"font-weight: 400;\"><li><strong>A g\u00e9pj\u00e1rm\u0171vezet\u0151i, szakmai alkalmass\u00e1gi vizsg\u00e1latokat<\/strong><\/li><li>V\u00e9d\u0151olt\u00e1sokkal t\u00f6rt\u00e9n\u0151 immuniz\u00e1ci\u00f3t\u00a0<\/li><\/ul><p style=\"font-weight: 400;\">A munkak\u00f6ri alkalmass\u00e1gi alapvizsg\u00e1latba mindenk\u00e9ppen tartozik egy \u00e1ltal\u00e1nos belgy\u00f3gy\u00e1szati vizsg\u00e1lat melynek r\u00e9sze a dolgoz\u00f3, fizik\u00e1lis vizsg\u00e1lata, v\u00e9rnyom\u00e1s m\u00e9r\u00e9se, l\u00e1t\u00e1ssz\u0171r\u00e9se (t\u00e1blaolvas\u00e1ssal), k\u00e9rd\u0151\u00edves kik\u00e9rdez\u00e9se a betegs\u00e9geir\u0151l, idegrendszeri vizsg\u00e1lata (egyens\u00falyrendszer, stb.), hasi vizsg\u00e1lata tapint\u00e1ssal, b\u0151r \u00e1ltal\u00e1nos vizsg\u00e1lata illetve \u00e1ltal\u00e1nos tisztas\u00e1gi vizsg\u00e1lat.<\/p><p style=\"font-weight: 400;\">Ezen k\u00edv\u00fcl EKG. Amennyiben van a c\u00e9gnek kock\u00e1zatbecsl\u00e9se, az abban a munkav\u00e9delmi szakember \u00e1ltal el\u0151\u00edrt vesz\u00e9lyforr\u00e1sokra odafigyelve v\u00e9gz\u00fcnk sz\u00fcks\u00e9g eset\u00e9n tov\u00e1bbi vizsg\u00e1latokat.<\/p><p style=\"font-weight: 400;\"><strong>Minden munka\u00fcgyi ellen\u0151rz\u00e9s r\u00e9sz\u00e9t k\u00e9pezhetik az al\u00e1bbi vizsg\u00e1latok:<\/strong><\/p><ul style=\"font-weight: 400;\"><li>Az \u00d6n c\u00e9ge rendelkezik-e \u00e9rv\u00e9nyes szerz\u0151d\u00e9ssel Foglalkoz\u00e1s-Eg\u00e9szs\u00e9g\u00fcgyi szolg\u00e1ltat\u00f3 c\u00e9ggel?<\/li><li>Minden munkav\u00e1llal\u00f3 rendelkezik-e egy \u00e9vn\u00e9l nem r\u00e9gebbi, a munkahelyi besorol\u00e1snak megfelel\u0151 alkalmass\u00e1gi vizsg\u00e1lattal?<\/li><li>Az \u00d6n c\u00e9ge beny\u00fajtotta-e k\u00f6telez\u0151 \u00e9ves jelent\u00e9s\u00e9t az OMMF fel\u00e9?<\/li><\/ul><\/div><\/div><\/div><\/div>\n\t\t\t\t<\/div>\n\t\t\t\t\t\t\t<div class=\"elementor-accordion-item\">\n\t\t\t\t\t<div id=\"elementor-tab-title-1872\" class=\"elementor-tab-title\" data-tab=\"2\" role=\"button\" aria-controls=\"elementor-tab-content-1872\" aria-expanded=\"false\">\n\t\t\t\t\t\t\t\t\t\t\t\t\t<span class=\"elementor-accordion-icon elementor-accordion-icon-left\" aria-hidden=\"true\">\n\t\t\t\t\t\t\t\t\t\t\t\t\t\t\t<span class=\"elementor-accordion-icon-closed\"><i class=\"fas fa-plus\"><\/i><\/span>\n\t\t\t\t\t\t\t\t<span class=\"elementor-accordion-icon-opened\"><i class=\"fas fa-minus\"><\/i><\/span>\n\t\t\t\t\t\t\t\t\t\t\t\t\t\t<\/span>\n\t\t\t\t\t\t\t\t\t\t\t\t<a class=\"elementor-accordion-title\" tabindex=\"0\">Labor szolg\u00e1ltat\u00e1sok<\/a>\n\t\t\t\t\t<\/div>\n\t\t\t\t\t<div id=\"elementor-tab-content-1872\" class=\"elementor-tab-content elementor-clearfix\" data-tab=\"2\" role=\"region\" aria-labelledby=\"elementor-tab-title-1872\"><div class=\"elementor-element elementor-element-4709bce elementor-widget elementor-widget-text-editor\" data-id=\"4709bce\" data-element_type=\"widget\" data-widget_type=\"text-editor.default\"><div class=\"elementor-widget-container\"><div class=\"elementor-text-editor elementor-clearfix\"><p style=\"font-weight: 400;\">Labor szolg\u00e1ltat\u00e1sainkat itt \u00e9rik el: <a href=\"https:\/\/spektrumlab.hu\/storage\/files\/shares\/lakossagi-arlista.pdf\">Labor szolg\u00e1ltat\u00e1sok<\/a><\/p><\/div><\/div><\/div><\/div>\n\t\t\t\t<\/div>\n\t\t\t\t\t\t\t\t<\/div>\n\t\t\t\t<\/div>\n\t\t\t\t<\/div>\n\t\t\t\t<div class=\"elementor-element elementor-element-7690f89 elementor-widget elementor-widget-image\" data-id=\"7690f89\" data-element_type=\"widget\" data-widget_type=\"image.default\">\n\t\t\t\t<div class=\"elementor-widget-container\">\n\t\t\t\t\t\t\t\t<div class=\"elementor-image\">\n\t\t\t\t\t\t\t\t\t\t\t\t<img data-opt-id=2045922499  fetchpriority=\"high\" decoding=\"async\" width=\"410\" height=\"492\" src=\"https:\/\/mlc5hotfuoat.i.optimole.com\/w:auto\/h:auto\/q:mauto\/f:best\/https:\/\/verummedical.hu\/wp-content\/uploads\/2021\/11\/team43.png\" class=\"attachment-1536x1536 size-1536x1536 wp-image-4428\" alt=\"\" srcset=\"https:\/\/mlc5hotfuoat.i.optimole.com\/w:410\/h:492\/q:mauto\/f:best\/https:\/\/verummedical.hu\/wp-content\/uploads\/2021\/11\/team43.png 410w, https:\/\/mlc5hotfuoat.i.optimole.com\/w:250\/h:300\/q:mauto\/f:best\/https:\/\/verummedical.hu\/wp-content\/uploads\/2021\/11\/team43.png 250w\" sizes=\"(max-width: 410px) 100vw, 410px\" \/>\t\t\t\t\t\t\t\t\t\t\t\t\t\t<\/div>\n\t\t\t\t\t\t<\/div>\n\t\t\t\t<\/div>\n\t\t\t\t\t<\/div>\n\t\t\t\t<\/div>\n\t\t\t\t<section class=\"elementor-section elementor-top-section elementor-element elementor-element-47c2ede elementor-section-stretched elementor-section-boxed elementor-section-height-default elementor-section-height-default\" data-id=\"47c2ede\" data-element_type=\"section\" data-settings=\"{&quot;stretch_section&quot;:&quot;section-stretched&quot;,&quot;background_background&quot;:&quot;classic&quot;}\">\n\t\t\t\t\t\t<div class=\"elementor-container elementor-column-gap-no\">\n\t\t\t\t\t\t\t<div class=\"elementor-row\">\n\t\t\t\t\t<div class=\"elementor-column elementor-col-50 elementor-top-column elementor-element elementor-element-19032ef\" data-id=\"19032ef\" data-element_type=\"column\">\n\t\t\t<div class=\"elementor-column-wrap elementor-element-populated\">\n\t\t\t\t\t\t\t<div class=\"elementor-widget-wrap\">\n\t\t\t\t\t\t<div class=\"elementor-element elementor-element-c461276 elementor-widget elementor-widget-spacer\" data-id=\"c461276\" data-element_type=\"widget\" data-widget_type=\"spacer.default\">\n\t\t\t\t<div class=\"elementor-widget-container\">\n\t\t\t\t\t<div class=\"elementor-spacer\">\n\t\t\t<div class=\"elementor-spacer-inner\"><\/div>\n\t\t<\/div>\n\t\t\t\t<\/div>\n\t\t\t\t<\/div>\n\t\t\t\t<section class=\"elementor-section elementor-inner-section elementor-element elementor-element-2abee63 elementor-section-boxed elementor-section-height-default elementor-section-height-default\" data-id=\"2abee63\" data-element_type=\"section\">\n\t\t\t\t\t\t<div class=\"elementor-container elementor-column-gap-default\">\n\t\t\t\t\t\t\t<div class=\"elementor-row\">\n\t\t\t\t\t<div class=\"elementor-column elementor-col-100 elementor-inner-column elementor-element elementor-element-1813448\" data-id=\"1813448\" data-element_type=\"column\">\n\t\t\t<div class=\"elementor-column-wrap elementor-element-populated\">\n\t\t\t\t\t\t\t<div class=\"elementor-widget-wrap\">\n\t\t\t\t\t\t<div class=\"elementor-element elementor-element-7fdd61f elementor-widget elementor-widget-rt-title\" data-id=\"7fdd61f\" data-element_type=\"widget\" data-widget_type=\"rt-title.default\">\n\t\t\t\t<div class=\"elementor-widget-container\">\n\t\t\t\r\n<div class=\"rt-el-title section-heading heading-layout4  dark style4\">\t\r\n        <span class=\"rtin-beforetitle\"><\/span>\r\n        <h2 class=\"rtin-title\">Why choose Us?<\/h2>        \r\n        <\/div>\t\t<\/div>\n\t\t\t\t<\/div>\n\t\t\t\t<div class=\"elementor-element elementor-element-20fca01 elementor-widget elementor-widget-rt-info-box\" data-id=\"20fca01\" data-element_type=\"widget\" data-widget_type=\"rt-info-box.default\">\n\t\t\t\t<div class=\"elementor-widget-container\">\n\t\t\t\r\n<div class=\"rt-el-info-box clearfix media  rtin-light rtin-style11\">\r\n\t<div class=\"rtin-icon\">\r\n\t\t\t\t\t\t\t\t\t\t\t<i class=\"primaryColor fa fa-stethoscope\" aria-hidden=\"true\"><\/i>\r\n\t\t\t\t\t\t<\/div>\r\n\t<div class=\"media-body rtin-content\">\r\n\t\t<h3 class=\"media-heading rtin-title\"><a href=\"#\">We use modern technologies<\/a><\/h3>\r\n\t\t<p class=\"rtin-text\"><\/p>\r\n\t<\/div>\r\n<\/div>\t\t<\/div>\n\t\t\t\t<\/div>\n\t\t\t\t<div class=\"elementor-element elementor-element-a2cf249 elementor-widget elementor-widget-rt-info-box\" data-id=\"a2cf249\" data-element_type=\"widget\" data-widget_type=\"rt-info-box.default\">\n\t\t\t\t<div class=\"elementor-widget-container\">\n\t\t\t\r\n<div class=\"rt-el-info-box clearfix media  rtin-light rtin-style11\">\r\n\t<div class=\"rtin-icon\">\r\n\t\t\t\t\t\t\t\t\t\t\t<i class=\"primaryColor fa fa-user-md\" aria-hidden=\"true\"><\/i>\r\n\t\t\t\t\t\t<\/div>\r\n\t<div class=\"media-body rtin-content\">\r\n\t\t<h3 class=\"media-heading rtin-title\">Our specialists are the best<\/h3>\r\n\t\t<p class=\"rtin-text\"><\/p>\r\n\t<\/div>\r\n<\/div>\t\t<\/div>\n\t\t\t\t<\/div>\n\t\t\t\t\t\t<\/div>\n\t\t\t\t\t<\/div>\n\t\t<\/div>\n\t\t\t\t\t\t\t\t<\/div>\n\t\t\t\t\t<\/div>\n\t\t<\/section>\n\t\t\t\t<div class=\"elementor-element elementor-element-b3c3297 elementor-widget elementor-widget-rt-info-box\" data-id=\"b3c3297\" data-element_type=\"widget\" data-widget_type=\"rt-info-box.default\">\n\t\t\t\t<div class=\"elementor-widget-container\">\n\t\t\t\r\n<div class=\"rt-el-info-box clearfix media  rtin-light rtin-style11\">\r\n\t<div class=\"rtin-icon\">\r\n\t\t\t\t\t\t\t\t\t\t\t<i class=\"primaryColor fa fa-trophy\" aria-hidden=\"true\"><\/i>\r\n\t\t\t\t\t\t<\/div>\r\n\t<div class=\"media-body rtin-content\">\r\n\t\t<h3 class=\"media-heading rtin-title\">We have an outstanding customer relationship<\/h3>\r\n\t\t<p class=\"rtin-text\"><\/p>\r\n\t<\/div>\r\n<\/div>\t\t<\/div>\n\t\t\t\t<\/div>\n\t\t\t\t<div class=\"elementor-element elementor-element-6efa843 elementor-widget elementor-widget-rt-info-box\" data-id=\"6efa843\" data-element_type=\"widget\" data-widget_type=\"rt-info-box.default\">\n\t\t\t\t<div class=\"elementor-widget-container\">\n\t\t\t\r\n<div class=\"rt-el-info-box clearfix media  rtin-light rtin-style11\">\r\n\t<div class=\"rtin-icon\">\r\n\t\t\t\t\t\t\t\t\t\t\t<i class=\"primaryColor fa fa-clock-o\" aria-hidden=\"true\"><\/i>\r\n\t\t\t\t\t\t<\/div>\r\n\t<div class=\"media-body rtin-content\">\r\n\t\t<h3 class=\"media-heading rtin-title\">Long opening hours even on weekends.<\/h3>\r\n\t\t<p class=\"rtin-text\"><\/p>\r\n\t<\/div>\r\n<\/div>\t\t<\/div>\n\t\t\t\t<\/div>\n\t\t\t\t\t\t<\/div>\n\t\t\t\t\t<\/div>\n\t\t<\/div>\n\t\t\t\t<div class=\"elementor-column elementor-col-50 elementor-top-column elementor-element elementor-element-f3ee08b\" data-id=\"f3ee08b\" data-element_type=\"column\" data-settings=\"{&quot;background_background&quot;:&quot;classic&quot;}\">\n\t\t\t<div class=\"elementor-column-wrap elementor-element-populated\">\n\t\t\t\t\t\t\t<div class=\"elementor-widget-wrap\">\n\t\t\t\t\t\t<div class=\"elementor-element elementor-element-72c7862 elementor-widget elementor-widget-spacer\" data-id=\"72c7862\" data-element_type=\"widget\" data-widget_type=\"spacer.default\">\n\t\t\t\t<div class=\"elementor-widget-container\">\n\t\t\t\t\t<div class=\"elementor-spacer\">\n\t\t\t<div class=\"elementor-spacer-inner\"><\/div>\n\t\t<\/div>\n\t\t\t\t<\/div>\n\t\t\t\t<\/div>\n\t\t\t\t<div class=\"elementor-element elementor-element-2d05397 elementor-widget elementor-widget-rt-title\" data-id=\"2d05397\" data-element_type=\"widget\" data-widget_type=\"rt-title.default\">\n\t\t\t\t<div class=\"elementor-widget-container\">\n\t\t\t\r\n<div class=\"rt-el-title section-heading heading-layout4  dark style4\">\t\r\n        <span class=\"rtin-beforetitle\"><\/span>\r\n        <h2 class=\"rtin-title\">Contact Us<\/h2>        \r\n        <\/div>\t\t<\/div>\n\t\t\t\t<\/div>\n\t\t\t\t<div class=\"elementor-element elementor-element-ada04b9 elementor-widget elementor-widget-shortcode\" data-id=\"ada04b9\" data-element_type=\"widget\" data-widget_type=\"shortcode.default\">\n\t\t\t\t<div class=\"elementor-widget-container\">\n\t\t\t\t\t<div class=\"elementor-shortcode\">\n<div class=\"wpcf7 no-js\" id=\"wpcf7-f5-o1\" lang=\"en-US\" dir=\"ltr\">\n<div class=\"screen-reader-response\"><p role=\"status\" aria-live=\"polite\" aria-atomic=\"true\"><\/p> <ul><\/ul><\/div>\n<form action=\"\/en\/wp-json\/wp\/v2\/pages\/6936#wpcf7-f5-o1\" method=\"post\" class=\"wpcf7-form init\" aria-label=\"Contact form\" novalidate=\"novalidate\" data-status=\"init\" data-trp-original-action=\"\/en\/wp-json\/wp\/v2\/pages\/6936#wpcf7-f5-o1\">\n<div style=\"display: none;\">\n<input type=\"hidden\" name=\"_wpcf7\" value=\"5\" \/>\n<input type=\"hidden\" name=\"_wpcf7_version\" value=\"5.8.7\" \/>\n<input type=\"hidden\" name=\"_wpcf7_locale\" value=\"en_US\" \/>\n<input type=\"hidden\" name=\"_wpcf7_unit_tag\" value=\"wpcf7-f5-o1\" \/>\n<input type=\"hidden\" name=\"_wpcf7_container_post\" value=\"0\" \/>\n<input type=\"hidden\" name=\"_wpcf7_posted_data_hash\" value=\"\" \/>\n<\/div>\n<p><label> Name (obligatory)<br \/>\n<span class=\"wpcf7-form-control-wrap\" data-name=\"your-name\"><input size=\"40\" class=\"wpcf7-form-control wpcf7-text wpcf7-validates-as-required\" aria-required=\"true\" aria-invalid=\"false\" value=\"\" type=\"text\" name=\"your-name\" \/><\/span> <\/label>\n<\/p>\n<p><label> Email address (obligatory)<br \/>\n<span class=\"wpcf7-form-control-wrap\" data-name=\"your-email\"><input size=\"40\" class=\"wpcf7-form-control wpcf7-email wpcf7-validates-as-required wpcf7-text wpcf7-validates-as-email\" aria-required=\"true\" aria-invalid=\"false\" value=\"\" type=\"email\" name=\"your-email\" \/><\/span> <\/label>\n<\/p>\n<p><label> Phone (obligatory)<br \/>\n<span class=\"wpcf7-form-control-wrap\" data-name=\"tel-649\"><input size=\"40\" class=\"wpcf7-form-control wpcf7-tel wpcf7-text wpcf7-validates-as-tel\" aria-invalid=\"false\" value=\"\" type=\"tel\" name=\"tel-649\" \/><\/span> <\/label>\n<\/p>\n<p><label> Subject<br \/>\n<span class=\"wpcf7-form-control-wrap\" data-name=\"your-subject\"><input size=\"40\" class=\"wpcf7-form-control wpcf7-text\" aria-invalid=\"false\" value=\"\" type=\"text\" name=\"your-subject\" \/><\/span> <\/label>\n<\/p>\n<p><label> Message<br \/>\n<span class=\"wpcf7-form-control-wrap\" data-name=\"your-message\"><textarea cols=\"40\" rows=\"10\" class=\"wpcf7-form-control wpcf7-textarea\" aria-invalid=\"false\" name=\"your-message\"><\/textarea><\/span> <\/label>\n<\/p>\n<p><input class=\"wpcf7-form-control wpcf7-submit has-spinner\" type=\"submit\" value=\"Send\" \/>\n<\/p><p style=\"display: none !important;\" class=\"akismet-fields-container\" data-prefix=\"_wpcf7_ak_\"><label>&#916;<textarea name=\"_wpcf7_ak_hp_textarea\" cols=\"45\" rows=\"8\" maxlength=\"100\"><\/textarea><\/label><input type=\"hidden\" id=\"ak_js_1\" name=\"_wpcf7_ak_js\" value=\"189\"\/><script>document.getElementById( \"ak_js_1\" ).setAttribute( \"value\", ( new Date() ).getTime() );<\/script><\/p><div class=\"wpcf7-response-output\" aria-hidden=\"true\"><\/div>\n<input type=\"hidden\" name=\"trp-form-language\" value=\"en\"\/><\/form>\n<\/div>\n<\/div>\n\t\t\t\t<\/div>\n\t\t\t\t<\/div>\n\t\t\t\t\t\t<\/div>\n\t\t\t\t\t<\/div>\n\t\t<\/div>\n\t\t\t\t\t\t\t\t<\/div>\n\t\t\t\t\t<\/div>\n\t\t<\/section>\n\t\t\t\t\t\t\t\t\t<\/div>\n\t\t\t<\/div>\n\t\t\t\t\t<\/div>","protected":false},"excerpt":{"rendered":"<p>Foglalkoz\u00e1s-eg\u00e9szs\u00e9g\u00fcgy a Verum Medical Centerben Munkak\u00f6ri alkalmass\u00e1gi vizsg\u00e1latok a Verum Medical Centerben A Munkav\u00e9delemr\u0151l sz\u00f3l\u00f3 T\u00f6rv\u00e9ny \u00e9rtelm\u00e9ben Minden munk\u00e1ltat\u00f3 k\u00f6teles foglalkoz\u00e1s-eg\u00e9szs\u00e9g\u00fcgyi ell\u00e1t\u00e1st (k\u00f6znyelven: \u00fczemorvosi szolg\u00e1ltat\u00e1st vagy munkaalkalmass\u00e1gi vizsg\u00e1latot) biztos\u00edtani valamennyi munkav\u00e1llal\u00f3ja sz\u00e1m\u00e1ra a munkav\u00e9delemr\u0151l sz\u00f3l\u00f3 1993. \u00e9vi XCIII. T\u00f6rv\u00e9ny alapj\u00e1n. N\u00e9gyf\u00e9le alkalmass\u00e1gi vizsg\u00e1latot k\u00fcl\u00f6nb\u00f6ztet\u00fcnk meg az elv\u00e9gz\u00e9s\u00fck esed\u00e9kess\u00e9ge szerint: El\u0151zetes,\u00a0amit a munkav\u00e1llal\u00f3 alkalmaz\u00e1sba l\u00e9p\u00e9se el\u0151tt&#8230;<\/p>","protected":false},"author":1,"featured_media":0,"parent":0,"menu_order":0,"comment_status":"closed","ping_status":"closed","template":"","meta":{"_themeisle_gutenberg_block_has_review":false},"yoast_head":"<!-- This site is optimized with the Yoast SEO plugin v22.0 - https:\/\/yoast.com\/wordpress\/plugins\/seo\/ -->\n<title>Foglalkoz\u00e1s-Eg\u00e9szs\u00e9g\u00fcgy - Verum Medical<\/title>\n<meta name=\"robots\" content=\"index, follow, max-snippet:-1, max-image-preview:large, max-video-preview:-1\" \/>\n<link rel=\"canonical\" href=\"https:\/\/verummedical.hu\/en\/foglalkozas-egeszsegugy\/\" \/>\n<meta property=\"og:locale\" content=\"en_GB\" \/>\n<meta property=\"og:type\" content=\"article\" \/>\n<meta property=\"og:title\" content=\"Foglalkoz\u00e1s-Eg\u00e9szs\u00e9g\u00fcgy - Verum Medical\" \/>\n<meta property=\"og:description\" content=\"Foglalkoz\u00e1s-eg\u00e9szs\u00e9g\u00fcgy a Verum Medical Centerben Munkak\u00f6ri alkalmass\u00e1gi vizsg\u00e1latok a Verum Medical Centerben A Munkav\u00e9delemr\u0151l sz\u00f3l\u00f3 T\u00f6rv\u00e9ny \u00e9rtelm\u00e9ben Minden munk\u00e1ltat\u00f3 k\u00f6teles foglalkoz\u00e1s-eg\u00e9szs\u00e9g\u00fcgyi ell\u00e1t\u00e1st (k\u00f6znyelven: \u00fczemorvosi szolg\u00e1ltat\u00e1st vagy munkaalkalmass\u00e1gi vizsg\u00e1latot) biztos\u00edtani valamennyi munkav\u00e1llal\u00f3ja sz\u00e1m\u00e1ra a munkav\u00e9delemr\u0151l sz\u00f3l\u00f3 1993. \u00e9vi XCIII. T\u00f6rv\u00e9ny alapj\u00e1n. N\u00e9gyf\u00e9le alkalmass\u00e1gi vizsg\u00e1latot k\u00fcl\u00f6nb\u00f6ztet\u00fcnk meg az elv\u00e9gz\u00e9s\u00fck esed\u00e9kess\u00e9ge szerint: El\u0151zetes,\u00a0amit a munkav\u00e1llal\u00f3 alkalmaz\u00e1sba l\u00e9p\u00e9se el\u0151tt...\" \/>\n<meta property=\"og:url\" content=\"https:\/\/verummedical.hu\/en\/foglalkozas-egeszsegugy\/\" \/>\n<meta property=\"og:site_name\" content=\"Verum Medical\" \/>\n<meta property=\"article:modified_time\" content=\"2024-08-26T09:16:06+00:00\" \/>\n<meta property=\"og:image\" content=\"https:\/\/mlc5hotfuoat.i.optimole.com\/w:auto\/h:auto\/q:mauto\/f:best\/http:\/\/verummedical.hu\/wp-content\/uploads\/2021\/11\/team43.png\" \/>\n<meta name=\"twitter:card\" content=\"summary_large_image\" \/>\n<meta name=\"twitter:label1\" content=\"Estimated reading time\" \/>\n\t<meta name=\"twitter:data1\" content=\"4 minutes\" \/>\n<!-- \/ Yoast SEO plugin. -->","yoast_head_json":{"title":"Foglalkoz\u00e1s-Eg\u00e9szs\u00e9g\u00fcgy - Verum Medical","robots":{"index":"index","follow":"follow","max-snippet":"max-snippet:-1","max-image-preview":"max-image-preview:large","max-video-preview":"max-video-preview:-1"},"canonical":"https:\/\/verummedical.hu\/en\/foglalkozas-egeszsegugy\/","og_locale":"en_GB","og_type":"article","og_title":"Foglalkoz\u00e1s-Eg\u00e9szs\u00e9g\u00fcgy - Verum Medical","og_description":"Foglalkoz\u00e1s-eg\u00e9szs\u00e9g\u00fcgy a Verum Medical Centerben Munkak\u00f6ri alkalmass\u00e1gi vizsg\u00e1latok a Verum Medical Centerben A Munkav\u00e9delemr\u0151l sz\u00f3l\u00f3 T\u00f6rv\u00e9ny \u00e9rtelm\u00e9ben Minden munk\u00e1ltat\u00f3 k\u00f6teles foglalkoz\u00e1s-eg\u00e9szs\u00e9g\u00fcgyi ell\u00e1t\u00e1st (k\u00f6znyelven: \u00fczemorvosi szolg\u00e1ltat\u00e1st vagy munkaalkalmass\u00e1gi vizsg\u00e1latot) biztos\u00edtani valamennyi munkav\u00e1llal\u00f3ja sz\u00e1m\u00e1ra a munkav\u00e9delemr\u0151l sz\u00f3l\u00f3 1993. \u00e9vi XCIII. T\u00f6rv\u00e9ny alapj\u00e1n. N\u00e9gyf\u00e9le alkalmass\u00e1gi vizsg\u00e1latot k\u00fcl\u00f6nb\u00f6ztet\u00fcnk meg az elv\u00e9gz\u00e9s\u00fck esed\u00e9kess\u00e9ge szerint: El\u0151zetes,\u00a0amit a munkav\u00e1llal\u00f3 alkalmaz\u00e1sba l\u00e9p\u00e9se el\u0151tt...","og_url":"https:\/\/verummedical.hu\/en\/foglalkozas-egeszsegugy\/","og_site_name":"Verum Medical","article_modified_time":"2024-08-26T09:16:06+00:00","og_image":[{"url":"https:\/\/mlc5hotfuoat.i.optimole.com\/w:auto\/h:auto\/q:mauto\/f:best\/http:\/\/verummedical.hu\/wp-content\/uploads\/2021\/11\/team43.png"}],"twitter_card":"summary_large_image","twitter_misc":{"Estimated reading time":"4 minutes"},"schema":{"@context":"https:\/\/schema.org","@graph":[]}},"_links":{"self":[{"href":"https:\/\/verummedical.hu\/en\/wp-json\/wp\/v2\/pages\/6936"}],"collection":[{"href":"https:\/\/verummedical.hu\/en\/wp-json\/wp\/v2\/pages"}],"about":[{"href":"https:\/\/verummedical.hu\/en\/wp-json\/wp\/v2\/types\/page"}],"author":[{"embeddable":true,"href":"https:\/\/verummedical.hu\/en\/wp-json\/wp\/v2\/users\/1"}],"replies":[{"embeddable":true,"href":"https:\/\/verummedical.hu\/en\/wp-json\/wp\/v2\/comments?post=6936"}],"version-history":[{"count":7,"href":"https:\/\/verummedical.hu\/en\/wp-json\/wp\/v2\/pages\/6936\/revisions"}],"predecessor-version":[{"id":6943,"href":"https:\/\/verummedical.hu\/en\/wp-json\/wp\/v2\/pages\/6936\/revisions\/6943"}],"wp:attachment":[{"href":"https:\/\/verummedical.hu\/en\/wp-json\/wp\/v2\/media?parent=6936"}],"curies":[{"name":"wp","href":"https:\/\/api.w.org\/{rel}","templated":true}]}}