{"id":686,"date":"2018-11-15T10:04:55","date_gmt":"2018-11-15T09:04:55","guid":{"rendered":"http:\/\/verummedical.hu\/?page_id=686"},"modified":"2026-02-25T20:19:00","modified_gmt":"2026-02-25T19:19:00","slug":"idopontfoglalas","status":"publish","type":"page","link":"https:\/\/verummedical.hu\/uk\/idopontfoglalas\/","title":{"rendered":"\u041f\u0440\u0438\u0437\u043d\u0430\u0447\u0430\u0442\u0438 \u0437\u0443\u0441\u0442\u0440\u0456\u0447"},"content":{"rendered":"\t\t<div data-elementor-type=\"wp-post\" data-elementor-id=\"686\" class=\"elementor elementor-686\">\n\t\t\t\t\t\t<div class=\"elementor-inner\">\n\t\t\t\t<div class=\"elementor-section-wrap\">\n\t\t\t\t\t\t\t\t\t<section class=\"elementor-section elementor-top-section elementor-element elementor-element-a9ecbdd elementor-section-stretched elementor-section-boxed elementor-section-height-default elementor-section-height-default\" data-id=\"a9ecbdd\" data-element_type=\"section\" data-settings=\"{&quot;stretch_section&quot;:&quot;section-stretched&quot;,&quot;background_background&quot;:&quot;classic&quot;}\">\n\t\t\t\t\t\t<div class=\"elementor-container elementor-column-gap-no\">\n\t\t\t\t\t\t\t<div class=\"elementor-row\">\n\t\t\t\t\t<div class=\"elementor-column elementor-col-50 elementor-top-column elementor-element elementor-element-db5e03d make-an-appointment\" data-id=\"db5e03d\" data-element_type=\"column\" data-settings=\"{&quot;background_background&quot;:&quot;classic&quot;}\">\n\t\t\t<div class=\"elementor-column-wrap elementor-element-populated\">\n\t\t\t\t\t\t\t<div class=\"elementor-widget-wrap\">\n\t\t\t\t\t\t<div class=\"elementor-element elementor-element-5dd09da elementor-widget elementor-widget-rt-title\" data-id=\"5dd09da\" data-element_type=\"widget\" data-widget_type=\"rt-title.default\">\n\t\t\t\t<div class=\"elementor-widget-container\">\n\t\t\t\r\n<div class=\"section-heading heading-light text-left heading-layout5\">\r\n    <h2 class=\"rtin-title\">Foglaljon id\u0151pontot online!<\/h2>\r\n\t\t\t\t<p class=\"rtin-subtitle\">Haszn\u00e1lja id\u0151pontfoglal\u00f3 rendszer\u00fcnket \u00e9s foglalja le id\u0151pontj\u00e1t m\u00e9g ma!\nKiskor\u00fa ell\u00e1t\u00e1s\u00e1t csak 16 \u00e9ves kort\u00f3l v\u00e1llalunk!\n\n<br><br>Felh\u00edvjuk kedves p\u00e1cienseink figyelm\u00e9t, hogy az online id\u0151pont foglal\u00e1s fizet\u00e9si k\u00f6telezetts\u00e9g elj\u00e1r, ami nem visszat\u00e9r\u00edtend\u0151. K\u00f6sz\u00f6nj\u00fck a meg\u00e9rt\u00e9s\u00fcket!<\/p>\r\n\t\t<\/div>\t\t<\/div>\n\t\t\t\t<\/div>\n\t\t\t\t<div class=\"elementor-element elementor-element-10dde5d elementor-widget elementor-widget-stepbooking\" data-id=\"10dde5d\" data-element_type=\"widget\" data-widget_type=\"stepbooking.default\">\n\t\t\t\t<div class=\"elementor-widget-container\">\n\t\t\t\n<script>\n  if (typeof hasAmeliaEntitiesApiCall === 'undefined' && '' === '') {\n    var hasAmeliaEntitiesApiCall = true;\n  }\n  var ameliaShortcodeData = (typeof ameliaShortcodeData === 'undefined') ? [] : ameliaShortcodeData;\n  ameliaShortcodeData.push(\n    {\n      'hasApiCall': (typeof hasAmeliaEntitiesApiCall !== 'undefined') && hasAmeliaEntitiesApiCall,\n      'trigger': '',\n      'trigger_type': '',\n      'triggered_form': 'sbsNew',\n      'in_dialog': '',\n      'show': '',\n      'counter': '1000',\n      'category': '',\n      'service': '',\n      'employee': '',\n      'location': '',\n      'package': ''\n    }\n  );\n\n  var ameliaShortcodeDataTriggered = (typeof ameliaShortcodeDataTriggered === 'undefined') ? [] : ameliaShortcodeDataTriggered;\n  if (ameliaShortcodeData[ameliaShortcodeData.length - 1].trigger !== '') {\n    if (ameliaShortcodeDataTriggered.filter(a => a.counter === ameliaShortcodeData[ameliaShortcodeData.length - 1].counter).length === 0) {\n      ameliaShortcodeDataTriggered.push(ameliaShortcodeData.pop());\n    } else {\n      ameliaShortcodeData.pop()\n    }\n  }\n  if (typeof hasAmeliaEntitiesApiCall !== 'undefined' && hasAmeliaEntitiesApiCall) {\n    hasAmeliaEntitiesApiCall = false;\n  }\n<\/script>\n\n<div\n  id=\"amelia-v2-booking-1000\"\n  class=\"amelia-v2-booking\"\n >\n    <step-form-wrapper><\/step-form-wrapper><\/div>\n\t\t<\/div>\n\t\t\t\t<\/div>\n\t\t\t\t\t\t<\/div>\n\t\t\t\t\t<\/div>\n\t\t<\/div>\n\t\t\t\t<div class=\"elementor-column elementor-col-50 elementor-top-column elementor-element elementor-element-7969598\" data-id=\"7969598\" data-element_type=\"column\">\n\t\t\t<div class=\"elementor-column-wrap elementor-element-populated\">\n\t\t\t\t\t\t\t<div class=\"elementor-widget-wrap\">\n\t\t\t\t\t\t<div class=\"elementor-element elementor-element-0a22211 elementor-widget elementor-widget-image\" data-id=\"0a22211\" data-element_type=\"widget\" data-widget_type=\"image.default\">\n\t\t\t\t<div class=\"elementor-widget-container\">\n\t\t\t\t\t\t\t\t<div class=\"elementor-image\">\n\t\t\t\t\t\t\t\t\t\t\t\t<img data-opt-id=1829891020  fetchpriority=\"high\" decoding=\"async\" width=\"683\" height=\"1000\" src=\"https:\/\/mlc5hotfuoat.i.optimole.com\/w:auto\/h:auto\/q:mauto\/f:best\/https:\/\/verummedical.hu\/wp-content\/uploads\/2018\/11\/figure2.png\" class=\"attachment-full size-full wp-image-714\" alt=\"\" srcset=\"https:\/\/mlc5hotfuoat.i.optimole.com\/w:683\/h:1000\/q:mauto\/f:best\/https:\/\/verummedical.hu\/wp-content\/uploads\/2018\/11\/figure2.png 683w, https:\/\/mlc5hotfuoat.i.optimole.com\/w:600\/h:878\/q:mauto\/f:best\/https:\/\/verummedical.hu\/wp-content\/uploads\/2018\/11\/figure2.png 600w, https:\/\/mlc5hotfuoat.i.optimole.com\/w:205\/h:300\/q:mauto\/f:best\/https:\/\/verummedical.hu\/wp-content\/uploads\/2018\/11\/figure2.png 205w\" sizes=\"(max-width: 683px) 100vw, 683px\" \/>\t\t\t\t\t\t\t\t\t\t\t\t\t\t<\/div>\n\t\t\t\t\t\t<\/div>\n\t\t\t\t<\/div>\n\t\t\t\t\t\t<\/div>\n\t\t\t\t\t<\/div>\n\t\t<\/div>\n\t\t\t\t\t\t\t\t<\/div>\n\t\t\t\t\t<\/div>\n\t\t<\/section>\n\t\t\t\t<section class=\"elementor-section elementor-top-section elementor-element elementor-element-5c231c67 elementor-section-stretched elementor-section-full_width elementor-section-content-middle elementor-section-height-default elementor-section-height-default\" data-id=\"5c231c67\" data-element_type=\"section\" data-settings=\"{&quot;stretch_section&quot;:&quot;section-stretched&quot;,&quot;background_background&quot;:&quot;classic&quot;}\">\n\t\t\t\t\t\t\t<div class=\"elementor-background-overlay\"><\/div>\n\t\t\t\t\t\t\t<div class=\"elementor-container elementor-column-gap-no\">\n\t\t\t\t\t\t\t<div class=\"elementor-row\">\n\t\t\t\t\t<div class=\"elementor-column elementor-col-100 elementor-top-column elementor-element elementor-element-538ad58d\" data-id=\"538ad58d\" data-element_type=\"column\" data-settings=\"{&quot;background_background&quot;:&quot;classic&quot;}\">\n\t\t\t<div class=\"elementor-column-wrap elementor-element-populated\">\n\t\t\t\t\t\t\t<div class=\"elementor-widget-wrap\">\n\t\t\t\t\t\t<div class=\"elementor-element elementor-element-7ceaf2dd elementor-widget elementor-widget-rt-cta\" data-id=\"7ceaf2dd\" data-element_type=\"widget\" data-widget_type=\"rt-cta.default\">\n\t\t\t\t<div class=\"elementor-widget-container\">\n\t\t\t\r\n<div class=\"call-to-action-wrap-layout4\">\r\n    <div class=\"item-img\">\r\n           <\/div>\r\n    <div class=\"container\">\r\n        <div class=\"row\">\r\n            <div class=\"col-xl-12 col-lg-8 col-md-12 col-12\">\r\n                <div class=\"call-to-action-box-layout4\">\r\n                    <h2 class=\"item-title\">K\u00e9rd\u00e9se mer\u00fclt fel? H\u00edvjon minket bizalommal!<\/h2>\r\n                    <div class=\"call-to-action-phone\">\r\n                                                    <a href=\"tel:+3670\/771-62-52\"><i class=\"fas fa-phone\"><\/i>+3670\/771-62-52<\/a>\r\n                                            <\/div>\r\n\t\t\t\t\t\t                 \r\n                <\/div>\r\n            <\/div>\r\n        <\/div>\r\n    <\/div>\r\n<\/div>\t\t<\/div>\n\t\t\t\t<\/div>\n\t\t\t\t\t\t<\/div>\n\t\t\t\t\t<\/div>\n\t\t<\/div>\n\t\t\t\t\t\t\t\t<\/div>\n\t\t\t\t\t<\/div>\n\t\t<\/section>\n\t\t\t\t\t\t\t\t\t<\/div>\n\t\t\t<\/div>\n\t\t\t\t\t<\/div>\n\t\t","protected":false},"excerpt":{"rendered":"<p>Foglaljon id\u0151pontot online! Haszn\u00e1lja id\u0151pontfoglal\u00f3 rendszer\u00fcnket \u00e9s foglalja le id\u0151pontj\u00e1t m\u00e9g ma! Kiskor\u00fa ell\u00e1t\u00e1s\u00e1t csak 16 \u00e9ves kort\u00f3l v\u00e1llalunk! Felh\u00edvjuk kedves p\u00e1cienseink figyelm\u00e9t, hogy az online id\u0151pont foglal\u00e1s fizet\u00e9si k\u00f6telezetts\u00e9g elj\u00e1r, ami nem visszat\u00e9r\u00edtend\u0151. K\u00f6sz\u00f6nj\u00fck a meg\u00e9rt\u00e9s\u00fcket! K\u00e9rd\u00e9se mer\u00fclt fel? H\u00edvjon minket bizalommal! +3670\/771-62-52<\/p>","protected":false},"author":1,"featured_media":0,"parent":0,"menu_order":0,"comment_status":"closed","ping_status":"closed","template":"","meta":{"_themeisle_gutenberg_block_has_review":false},"yoast_head":"<!-- This site is optimized with the Yoast SEO plugin v22.0 - https:\/\/yoast.com\/wordpress\/plugins\/seo\/ -->\n<title>Id\u0151pontfoglal\u00e1s - Verum Medical<\/title>\n<meta name=\"robots\" content=\"index, follow, max-snippet:-1, max-image-preview:large, max-video-preview:-1\" \/>\n<link rel=\"canonical\" href=\"https:\/\/verummedical.hu\/uk\/idopontfoglalas\/\" \/>\n<meta property=\"og:locale\" content=\"uk_UA\" \/>\n<meta property=\"og:type\" content=\"article\" \/>\n<meta property=\"og:title\" content=\"Id\u0151pontfoglal\u00e1s - Verum Medical\" \/>\n<meta property=\"og:description\" content=\"Foglaljon id\u0151pontot online! Haszn\u00e1lja id\u0151pontfoglal\u00f3 rendszer\u00fcnket \u00e9s foglalja le id\u0151pontj\u00e1t m\u00e9g ma! Kiskor\u00fa ell\u00e1t\u00e1s\u00e1t csak 16 \u00e9ves kort\u00f3l v\u00e1llalunk! Felh\u00edvjuk kedves p\u00e1cienseink figyelm\u00e9t, hogy az online id\u0151pont foglal\u00e1s fizet\u00e9si k\u00f6telezetts\u00e9g elj\u00e1r, ami nem visszat\u00e9r\u00edtend\u0151. K\u00f6sz\u00f6nj\u00fck a meg\u00e9rt\u00e9s\u00fcket! K\u00e9rd\u00e9se mer\u00fclt fel? H\u00edvjon minket bizalommal! +3670\/771-62-52\" \/>\n<meta property=\"og:url\" content=\"https:\/\/verummedical.hu\/uk\/idopontfoglalas\/\" \/>\n<meta property=\"og:site_name\" content=\"Verum Medical\" \/>\n<meta property=\"article:modified_time\" content=\"2026-02-25T19:19:00+00:00\" \/>\n<meta property=\"og:image\" content=\"https:\/\/mlc5hotfuoat.i.optimole.com\/w:auto\/h:auto\/q:mauto\/f:best\/http:\/\/verummedical.hu\/wp-content\/uploads\/2018\/11\/figure2.png\" \/>\n<meta name=\"twitter:card\" content=\"summary_large_image\" \/>\n<meta name=\"twitter:label1\" content=\"\u041f\u0440\u0438\u0431\u043b. \u0447\u0430\u0441 \u0447\u0438\u0442\u0430\u043d\u043d\u044f\" \/>\n\t<meta name=\"twitter:data1\" content=\"1 \u0445\u0432\u0438\u043b\u0438\u043d\u0430\" \/>\n<!-- \/ Yoast SEO plugin. -->","yoast_head_json":{"title":"Id\u0151pontfoglal\u00e1s - Verum Medical","robots":{"index":"index","follow":"follow","max-snippet":"max-snippet:-1","max-image-preview":"max-image-preview:large","max-video-preview":"max-video-preview:-1"},"canonical":"https:\/\/verummedical.hu\/uk\/idopontfoglalas\/","og_locale":"uk_UA","og_type":"article","og_title":"Id\u0151pontfoglal\u00e1s - Verum Medical","og_description":"Foglaljon id\u0151pontot online! Haszn\u00e1lja id\u0151pontfoglal\u00f3 rendszer\u00fcnket \u00e9s foglalja le id\u0151pontj\u00e1t m\u00e9g ma! Kiskor\u00fa ell\u00e1t\u00e1s\u00e1t csak 16 \u00e9ves kort\u00f3l v\u00e1llalunk! Felh\u00edvjuk kedves p\u00e1cienseink figyelm\u00e9t, hogy az online id\u0151pont foglal\u00e1s fizet\u00e9si k\u00f6telezetts\u00e9g elj\u00e1r, ami nem visszat\u00e9r\u00edtend\u0151. K\u00f6sz\u00f6nj\u00fck a meg\u00e9rt\u00e9s\u00fcket! K\u00e9rd\u00e9se mer\u00fclt fel? H\u00edvjon minket bizalommal! +3670\/771-62-52","og_url":"https:\/\/verummedical.hu\/uk\/idopontfoglalas\/","og_site_name":"Verum Medical","article_modified_time":"2026-02-25T19:19:00+00:00","og_image":[{"url":"https:\/\/mlc5hotfuoat.i.optimole.com\/w:auto\/h:auto\/q:mauto\/f:best\/http:\/\/verummedical.hu\/wp-content\/uploads\/2018\/11\/figure2.png"}],"twitter_card":"summary_large_image","twitter_misc":{"\u041f\u0440\u0438\u0431\u043b. \u0447\u0430\u0441 \u0447\u0438\u0442\u0430\u043d\u043d\u044f":"1 \u0445\u0432\u0438\u043b\u0438\u043d\u0430"},"schema":{"@context":"https:\/\/schema.org","@graph":[]}},"_links":{"self":[{"href":"https:\/\/verummedical.hu\/uk\/wp-json\/wp\/v2\/pages\/686"}],"collection":[{"href":"https:\/\/verummedical.hu\/uk\/wp-json\/wp\/v2\/pages"}],"about":[{"href":"https:\/\/verummedical.hu\/uk\/wp-json\/wp\/v2\/types\/page"}],"author":[{"embeddable":true,"href":"https:\/\/verummedical.hu\/uk\/wp-json\/wp\/v2\/users\/1"}],"replies":[{"embeddable":true,"href":"https:\/\/verummedical.hu\/uk\/wp-json\/wp\/v2\/comments?post=686"}],"version-history":[{"count":80,"href":"https:\/\/verummedical.hu\/uk\/wp-json\/wp\/v2\/pages\/686\/revisions"}],"predecessor-version":[{"id":7151,"href":"https:\/\/verummedical.hu\/uk\/wp-json\/wp\/v2\/pages\/686\/revisions\/7151"}],"wp:attachment":[{"href":"https:\/\/verummedical.hu\/uk\/wp-json\/wp\/v2\/media?parent=686"}],"curies":[{"name":"wp","href":"https:\/\/api.w.org\/{rel}","templated":true}]}}