{"id":6931,"date":"2024-08-26T11:08:17","date_gmt":"2024-08-26T09:08:17","guid":{"rendered":"https:\/\/verummedical.hu\/?page_id=6931"},"modified":"2024-08-26T11:11:00","modified_gmt":"2024-08-26T09:11:00","slug":"kardiologia","status":"publish","type":"page","link":"https:\/\/verummedical.hu\/uk\/kardiologia\/","title":{"rendered":"Kardiol\u00f3gia"},"content":{"rendered":"<div data-elementor-type=\"wp-post\" data-elementor-id=\"6931\" class=\"elementor elementor-6931\">\n\t\t\t\t\t\t<div class=\"elementor-inner\">\n\t\t\t\t<div class=\"elementor-section-wrap\">\n\t\t\t\t\t\t\t<div class=\"elementor-element elementor-element-e6cb0f7 e-flex e-con-boxed e-con e-parent\" data-id=\"e6cb0f7\" data-element_type=\"container\" data-settings=\"{&quot;content_width&quot;:&quot;boxed&quot;}\" data-core-v316-plus=\"true\">\n\t\t\t\t\t<div class=\"e-con-inner\">\n\t\t\t\t<div class=\"elementor-element elementor-element-577b56b elementor-widget elementor-widget-heading\" data-id=\"577b56b\" data-element_type=\"widget\" data-widget_type=\"heading.default\">\n\t\t\t\t<div class=\"elementor-widget-container\">\n\t\t\t<h2 class=\"elementor-heading-title elementor-size-default\">\u041a\u0430\u0440\u0434\u0456\u043e\u043b\u043e\u0433\u0456\u044f \u0432 Verum Medical<\/h2>\t\t<\/div>\n\t\t\t\t<\/div>\n\t\t\t\t\t<\/div>\n\t\t\t\t<\/div>\n\t\t<div class=\"elementor-element elementor-element-7e778aa e-flex e-con-boxed e-con e-parent\" data-id=\"7e778aa\" data-element_type=\"container\" data-settings=\"{&quot;content_width&quot;:&quot;boxed&quot;}\" data-core-v316-plus=\"true\">\n\t\t\t\t\t<div class=\"e-con-inner\">\n\t\t\t\t<div class=\"elementor-element elementor-element-b2891e8 elementor-widget elementor-widget-accordion\" data-id=\"b2891e8\" data-element_type=\"widget\" data-widget_type=\"accordion.default\">\n\t\t\t\t<div class=\"elementor-widget-container\">\n\t\t\t\t\t<div class=\"elementor-accordion\">\n\t\t\t\t\t\t\t<div class=\"elementor-accordion-item\">\n\t\t\t\t\t<div id=\"elementor-tab-title-1871\" class=\"elementor-tab-title\" data-tab=\"1\" role=\"button\" aria-controls=\"elementor-tab-content-1871\" aria-expanded=\"false\">\n\t\t\t\t\t\t\t\t\t\t\t\t\t<span class=\"elementor-accordion-icon elementor-accordion-icon-left\" aria-hidden=\"true\">\n\t\t\t\t\t\t\t\t\t\t\t\t\t\t\t<span class=\"elementor-accordion-icon-closed\"><i class=\"fas fa-plus\"><\/i><\/span>\n\t\t\t\t\t\t\t\t<span class=\"elementor-accordion-icon-opened\"><i class=\"fas fa-minus\"><\/i><\/span>\n\t\t\t\t\t\t\t\t\t\t\t\t\t\t<\/span>\n\t\t\t\t\t\t\t\t\t\t\t\t<a class=\"elementor-accordion-title\" tabindex=\"0\">\u0417\u0430 \u044f\u043a\u0438\u0445 \u0441\u043a\u0430\u0440\u0433 \u0432\u0430\u0440\u0442\u043e \u0437\u0432\u0435\u0440\u0442\u0430\u0442\u0438\u0441\u044f \u0434\u043e \u043a\u0430\u0440\u0434\u0456\u043e\u043b\u043e\u0433\u0430?<\/a>\n\t\t\t\t\t<\/div>\n\t\t\t\t\t<div id=\"elementor-tab-content-1871\" class=\"elementor-tab-content elementor-clearfix\" data-tab=\"1\" role=\"region\" aria-labelledby=\"elementor-tab-title-1871\"><div class=\"elementor-element elementor-element-a5b8651 elementor-widget elementor-widget-text-editor\" data-id=\"a5b8651\" data-element_type=\"widget\" data-widget_type=\"text-editor.default\"><div class=\"elementor-widget-container\"><div class=\"elementor-text-editor elementor-clearfix\"><ul><li style=\"font-weight: 400;\">\u043f\u0456\u0434\u0432\u0438\u0449\u0435\u043d\u043d\u044f \u0430\u0440\u0442\u0435\u0440\u0456\u0430\u043b\u044c\u043d\u043e\u0433\u043e \u0442\u0438\u0441\u043a\u0443,<\/li><li style=\"font-weight: 400;\">\u0420\u0430\u043d\u0456\u0448\u0435 \u0432\u0441\u0442\u0430\u043d\u043e\u0432\u043b\u0435\u043d\u0438\u0445 \u0437\u0430\u0445\u0432\u043e\u0440\u044e\u0432\u0430\u043d\u043d\u044f\u0445, \u0437 \u043c\u0435\u0442\u043e\u044e \u043a\u043e\u043d\u0442\u0440\u043e\u043b\u044e \u0434\u0456\u0430\u0433\u043d\u043e\u0441\u0442\u0438\u043a\u0438 \u0442\u0430 \u043b\u0456\u043a\u0443\u0432\u0430\u043d\u043d\u044f, \u0430 \u0442\u0430\u043a\u043e\u0436 \u043f\u0435\u0440\u0435\u0431\u0456\u0433\u0443 \u0437\u0430\u0445\u0432\u043e\u0440\u044e\u0432\u0430\u043d\u043d\u044f.<\/li><li style=\"font-weight: 400;\">\u041d\u0430\u0434\u043b\u0438\u0448\u043a\u043e\u0432\u0456\u0439 \u0432\u0430\u0437\u0456, \u0434\u043b\u044f \u0442\u043e\u0433\u043e, \u0449\u043e\u0431 \u043f\u043e\u043f\u0435\u0440\u0435\u0434\u0438\u0442\u0438 \u0440\u043e\u0437\u0432\u0438\u0442\u043e\u043a \u0441\u0435\u0440\u0446\u0435\u0432\u043e-\u0441\u0443\u0434\u0438\u043d\u043d\u0438\u0445 \u0437\u0430\u0445\u0432\u043e\u0440\u044e\u0432\u0430\u043d\u044c.<\/li><li style=\"font-weight: 400;\">\u041f\u0440\u043e\u0432\u0435\u0434\u0435\u043d\u043d\u0456 \u043f\u0440\u043e\u0444\u043e\u0433\u043b\u044f\u0434\u0456\u0432.<\/li><li style=\"font-weight: 400;\">\u041d\u0430\u043f\u0440\u0438\u043a\u043b\u0430\u0434, \u044f\u043a\u0449\u043e \u0432\u0438 \u043f\u043b\u0430\u043d\u0443\u0454\u0442\u0435 \u0437\u0430\u0439\u043d\u044f\u0442\u0438\u0441\u044c \u0441\u043f\u043e\u0440\u0442\u043e\u043c, \u0437 \u043c\u0435\u0442\u043e\u044e \u0432\u0438\u043a\u043b\u044e\u0447\u0435\u043d\u043d\u044f \u043c\u043e\u0436\u043b\u0438\u0432\u0438\u0445 \u0441\u0435\u0440\u0446\u0435\u0432\u0438\u0445 \u0440\u0438\u0437\u0438\u043a\u0456\u0432.<\/li><li style=\"font-weight: 400;\">\u0415\u043d\u0434\u043e\u043a\u0440\u0438\u043d\u043d\u0438\u0445 \u0437\u0430\u0445\u0432\u043e\u0440\u044e\u0432\u0430\u043d\u043d\u044f\u0445, \u043e\u0441\u043a\u0456\u043b\u044c\u043a\u0438 \u0441\u0435\u0440\u0446\u0435\u0432\u043e-\u0441\u0443\u0434\u0438\u043d\u043d\u0456 \u0437\u0430\u0445\u0432\u043e\u0440\u044e\u0432\u0430\u043d\u043d\u044f \u0434\u0443\u0436\u0435 \u0447\u0430\u0441\u0442\u043e \u0454 \u0441\u0443\u043f\u0443\u0442\u043d\u0456\u043c\u0438.<\/li><li style=\"font-weight: 400;\">\u041d\u0430\u043f\u0440\u0438\u043a\u043b\u0430\u0434, \u044f\u043a\u0449\u043e \u0432\u0438 \u043f\u043b\u0430\u043d\u0443\u0454\u0442\u0435 \u0437\u0430\u0439\u043c\u0430\u0442\u0438\u0441\u044f \u0441\u043f\u043e\u0440\u0442\u043e\u043c, \u0449\u043e\u0431 \u0432\u0438\u043a\u043b\u044e\u0447\u0438\u0442\u0438 \u043c\u043e\u0436\u043b\u0438\u0432\u0456 \u0441\u0435\u0440\u0446\u0435\u0432\u0456 \u0440\u0438\u0437\u0438\u043a\u0438.<\/li><\/ul><p style=\"font-weight: 400;\"><strong>\u0415\u043d\u0434\u043e\u043a\u0440\u0438\u043d\u043d\u0438\u0445 \u0437\u0430\u0445\u0432\u043e\u0440\u044e\u0432\u0430\u043d\u043d\u044f\u0445, \u043e\u0441\u043a\u0456\u043b\u044c\u043a\u0438 \u0441\u0435\u0440\u0446\u0435\u0432\u043e-\u0441\u0443\u0434\u0438\u043d\u043d\u0456 \u0437\u0430\u0445\u0432\u043e\u0440\u044e\u0432\u0430\u043d\u043d\u044f \u0434\u0443\u0436\u0435 \u0447\u0430\u0441\u0442\u043e \u0454 \u0441\u0443\u043f\u0443\u0442\u043d\u0456\u043c\u0438.<\/strong><\/p><p style=\"font-weight: 400;\"><strong>\u0420\u0435\u043a\u043e\u043c\u0435\u043d\u0434\u043e\u0432\u0430\u043d\u043e \u0432\u0456\u0434\u0432\u0456\u0434\u0443\u0432\u0430\u0442\u0438 \u043b\u0456\u043a\u0430\u0440\u044f-\u043a\u0430\u0440\u0434\u0456\u043e\u043b\u043e\u0433\u0430 \u043f\u0456\u0441\u043b\u044f 40 \u0440\u043e\u043a\u0456\u0432 1 \u0440\u0430\u0437 \u043d\u0430 \u0440\u0456\u043a \u0434\u043b\u044f \u0432\u0438\u043a\u043b\u044e\u0447\u0435\u043d\u043d\u044f \u0441\u0435\u0440\u0446\u0435\u0432\u043e-\u0441\u0443\u0434\u0438\u043d\u043d\u0438\u0445 \u0440\u0438\u0437\u0438\u043a\u0456\u0432.<\/strong><\/p><\/div><\/div><\/div><\/div>\n\t\t\t\t<\/div>\n\t\t\t\t\t\t\t\t<\/div>\n\t\t\t\t<\/div>\n\t\t\t\t<\/div>\n\t\t\t\t<div class=\"elementor-element elementor-element-7690f89 elementor-widget elementor-widget-image\" data-id=\"7690f89\" data-element_type=\"widget\" data-widget_type=\"image.default\">\n\t\t\t\t<div class=\"elementor-widget-container\">\n\t\t\t\t\t\t\t\t<div class=\"elementor-image\">\n\t\t\t\t\t\t\t\t\t\t\t\t<img data-opt-id=2045922499  fetchpriority=\"high\" decoding=\"async\" width=\"410\" height=\"492\" src=\"https:\/\/mlc5hotfuoat.i.optimole.com\/w:auto\/h:auto\/q:mauto\/f:best\/https:\/\/verummedical.hu\/wp-content\/uploads\/2021\/11\/team43.png\" class=\"attachment-1536x1536 size-1536x1536 wp-image-4428\" alt=\"\" srcset=\"https:\/\/mlc5hotfuoat.i.optimole.com\/w:410\/h:492\/q:mauto\/f:best\/https:\/\/verummedical.hu\/wp-content\/uploads\/2021\/11\/team43.png 410w, https:\/\/mlc5hotfuoat.i.optimole.com\/w:250\/h:300\/q:mauto\/f:best\/https:\/\/verummedical.hu\/wp-content\/uploads\/2021\/11\/team43.png 250w\" sizes=\"(max-width: 410px) 100vw, 410px\" \/>\t\t\t\t\t\t\t\t\t\t\t\t\t\t<\/div>\n\t\t\t\t\t\t<\/div>\n\t\t\t\t<\/div>\n\t\t\t\t\t<\/div>\n\t\t\t\t<\/div>\n\t\t\t\t<section class=\"elementor-section elementor-top-section elementor-element elementor-element-47c2ede elementor-section-stretched elementor-section-boxed elementor-section-height-default elementor-section-height-default\" data-id=\"47c2ede\" data-element_type=\"section\" data-settings=\"{&quot;stretch_section&quot;:&quot;section-stretched&quot;,&quot;background_background&quot;:&quot;classic&quot;}\">\n\t\t\t\t\t\t<div class=\"elementor-container elementor-column-gap-no\">\n\t\t\t\t\t\t\t<div class=\"elementor-row\">\n\t\t\t\t\t<div class=\"elementor-column elementor-col-50 elementor-top-column elementor-element elementor-element-19032ef\" data-id=\"19032ef\" data-element_type=\"column\">\n\t\t\t<div class=\"elementor-column-wrap elementor-element-populated\">\n\t\t\t\t\t\t\t<div class=\"elementor-widget-wrap\">\n\t\t\t\t\t\t<div class=\"elementor-element elementor-element-c461276 elementor-widget elementor-widget-spacer\" data-id=\"c461276\" data-element_type=\"widget\" data-widget_type=\"spacer.default\">\n\t\t\t\t<div class=\"elementor-widget-container\">\n\t\t\t\t\t<div class=\"elementor-spacer\">\n\t\t\t<div class=\"elementor-spacer-inner\"><\/div>\n\t\t<\/div>\n\t\t\t\t<\/div>\n\t\t\t\t<\/div>\n\t\t\t\t<section class=\"elementor-section elementor-inner-section elementor-element elementor-element-2abee63 elementor-section-boxed elementor-section-height-default elementor-section-height-default\" data-id=\"2abee63\" data-element_type=\"section\">\n\t\t\t\t\t\t<div class=\"elementor-container elementor-column-gap-default\">\n\t\t\t\t\t\t\t<div class=\"elementor-row\">\n\t\t\t\t\t<div class=\"elementor-column elementor-col-100 elementor-inner-column elementor-element elementor-element-1813448\" data-id=\"1813448\" data-element_type=\"column\">\n\t\t\t<div class=\"elementor-column-wrap elementor-element-populated\">\n\t\t\t\t\t\t\t<div class=\"elementor-widget-wrap\">\n\t\t\t\t\t\t<div class=\"elementor-element elementor-element-7fdd61f elementor-widget elementor-widget-rt-title\" data-id=\"7fdd61f\" data-element_type=\"widget\" data-widget_type=\"rt-title.default\">\n\t\t\t\t<div class=\"elementor-widget-container\">\n\t\t\t\r\n<div class=\"rt-el-title section-heading heading-layout4  dark style4\">\t\r\n        <span class=\"rtin-beforetitle\"><\/span>\r\n        <h2 class=\"rtin-title\">\u0427\u043e\u043c\u0443 \u043e\u0431\u0438\u0440\u0430\u044e\u0442\u044c \u043d\u0430\u0441?<\/h2>        \r\n        <\/div>\t\t<\/div>\n\t\t\t\t<\/div>\n\t\t\t\t<div class=\"elementor-element elementor-element-20fca01 elementor-widget elementor-widget-rt-info-box\" data-id=\"20fca01\" data-element_type=\"widget\" data-widget_type=\"rt-info-box.default\">\n\t\t\t\t<div class=\"elementor-widget-container\">\n\t\t\t\r\n<div class=\"rt-el-info-box clearfix media  rtin-light rtin-style11\">\r\n\t<div class=\"rtin-icon\">\r\n\t\t\t\t\t\t\t\t\t\t\t<i class=\"primaryColor fa fa-stethoscope\" aria-hidden=\"true\"><\/i>\r\n\t\t\t\t\t\t<\/div>\r\n\t<div class=\"media-body rtin-content\">\r\n\t\t<h3 class=\"media-heading rtin-title\"><a href=\"#\">\u041c\u0438 \u0432\u0438\u043a\u043e\u0440\u0438\u0441\u0442\u043e\u0432\u0443\u0454\u043c\u043e \u0441\u0443\u0447\u0430\u0441\u043d\u0456 \u0442\u0435\u0445\u043d\u043e\u043b\u043e\u0433\u0456\u0457<\/a><\/h3>\r\n\t\t<p class=\"rtin-text\"><\/p>\r\n\t<\/div>\r\n<\/div>\t\t<\/div>\n\t\t\t\t<\/div>\n\t\t\t\t<div class=\"elementor-element elementor-element-a2cf249 elementor-widget elementor-widget-rt-info-box\" data-id=\"a2cf249\" data-element_type=\"widget\" data-widget_type=\"rt-info-box.default\">\n\t\t\t\t<div class=\"elementor-widget-container\">\n\t\t\t\r\n<div class=\"rt-el-info-box clearfix media  rtin-light rtin-style11\">\r\n\t<div class=\"rtin-icon\">\r\n\t\t\t\t\t\t\t\t\t\t\t<i class=\"primaryColor fa fa-user-md\" aria-hidden=\"true\"><\/i>\r\n\t\t\t\t\t\t<\/div>\r\n\t<div class=\"media-body rtin-content\">\r\n\t\t<h3 class=\"media-heading rtin-title\">\u041d\u0430\u0448\u0456 \u0441\u043f\u0435\u0446\u0456\u0430\u043b\u0456\u0441\u0442\u0438 \u043d\u0430\u0439\u043a\u0440\u0430\u0449\u0456<\/h3>\r\n\t\t<p class=\"rtin-text\"><\/p>\r\n\t<\/div>\r\n<\/div>\t\t<\/div>\n\t\t\t\t<\/div>\n\t\t\t\t\t\t<\/div>\n\t\t\t\t\t<\/div>\n\t\t<\/div>\n\t\t\t\t\t\t\t\t<\/div>\n\t\t\t\t\t<\/div>\n\t\t<\/section>\n\t\t\t\t<div class=\"elementor-element elementor-element-b3c3297 elementor-widget elementor-widget-rt-info-box\" data-id=\"b3c3297\" data-element_type=\"widget\" data-widget_type=\"rt-info-box.default\">\n\t\t\t\t<div class=\"elementor-widget-container\">\n\t\t\t\r\n<div class=\"rt-el-info-box clearfix media  rtin-light rtin-style11\">\r\n\t<div class=\"rtin-icon\">\r\n\t\t\t\t\t\t\t\t\t\t\t<i class=\"primaryColor fa fa-trophy\" aria-hidden=\"true\"><\/i>\r\n\t\t\t\t\t\t<\/div>\r\n\t<div class=\"media-body rtin-content\">\r\n\t\t<h3 class=\"media-heading rtin-title\">\u0423 \u043d\u0430\u0441 \u0432\u0456\u0434\u043c\u0456\u043d\u043d\u0456 \u0432\u0456\u0434\u043d\u043e\u0441\u0438\u043d\u0438 \u0437 \u043a\u043b\u0456\u0454\u043d\u0442\u0430\u043c\u0438<\/h3>\r\n\t\t<p class=\"rtin-text\"><\/p>\r\n\t<\/div>\r\n<\/div>\t\t<\/div>\n\t\t\t\t<\/div>\n\t\t\t\t<div class=\"elementor-element elementor-element-6efa843 elementor-widget elementor-widget-rt-info-box\" data-id=\"6efa843\" data-element_type=\"widget\" data-widget_type=\"rt-info-box.default\">\n\t\t\t\t<div class=\"elementor-widget-container\">\n\t\t\t\r\n<div class=\"rt-el-info-box clearfix media  rtin-light rtin-style11\">\r\n\t<div class=\"rtin-icon\">\r\n\t\t\t\t\t\t\t\t\t\t\t<i class=\"primaryColor fa fa-clock-o\" aria-hidden=\"true\"><\/i>\r\n\t\t\t\t\t\t<\/div>\r\n\t<div class=\"media-body rtin-content\">\r\n\t\t<h3 class=\"media-heading rtin-title\">\u0422\u0440\u0438\u0432\u0430\u043b\u0438\u0439 \u0447\u0430\u0441 \u0440\u043e\u0431\u043e\u0442\u0438 \u043d\u0430\u0432\u0456\u0442\u044c \u0443 \u0432\u0438\u0445\u0456\u0434\u043d\u0456.<\/h3>\r\n\t\t<p class=\"rtin-text\"><\/p>\r\n\t<\/div>\r\n<\/div>\t\t<\/div>\n\t\t\t\t<\/div>\n\t\t\t\t\t\t<\/div>\n\t\t\t\t\t<\/div>\n\t\t<\/div>\n\t\t\t\t<div class=\"elementor-column elementor-col-50 elementor-top-column elementor-element elementor-element-f3ee08b\" data-id=\"f3ee08b\" data-element_type=\"column\" data-settings=\"{&quot;background_background&quot;:&quot;classic&quot;}\">\n\t\t\t<div class=\"elementor-column-wrap elementor-element-populated\">\n\t\t\t\t\t\t\t<div class=\"elementor-widget-wrap\">\n\t\t\t\t\t\t<div class=\"elementor-element elementor-element-72c7862 elementor-widget elementor-widget-spacer\" data-id=\"72c7862\" data-element_type=\"widget\" data-widget_type=\"spacer.default\">\n\t\t\t\t<div class=\"elementor-widget-container\">\n\t\t\t\t\t<div class=\"elementor-spacer\">\n\t\t\t<div class=\"elementor-spacer-inner\"><\/div>\n\t\t<\/div>\n\t\t\t\t<\/div>\n\t\t\t\t<\/div>\n\t\t\t\t<div class=\"elementor-element elementor-element-2d05397 elementor-widget elementor-widget-rt-title\" data-id=\"2d05397\" data-element_type=\"widget\" data-widget_type=\"rt-title.default\">\n\t\t\t\t<div class=\"elementor-widget-container\">\n\t\t\t\r\n<div class=\"rt-el-title section-heading heading-layout4  dark style4\">\t\r\n        <span class=\"rtin-beforetitle\"><\/span>\r\n        <h2 class=\"rtin-title\">\u041a\u043e\u043d\u0442\u0430\u043a\u0442\u0438<\/h2>        \r\n        <\/div>\t\t<\/div>\n\t\t\t\t<\/div>\n\t\t\t\t<div class=\"elementor-element elementor-element-ada04b9 elementor-widget elementor-widget-shortcode\" data-id=\"ada04b9\" data-element_type=\"widget\" data-widget_type=\"shortcode.default\">\n\t\t\t\t<div class=\"elementor-widget-container\">\n\t\t\t\t\t<div class=\"elementor-shortcode\">\n<div class=\"wpcf7 no-js\" id=\"wpcf7-f5-o1\" lang=\"en-US\" dir=\"ltr\">\n<div class=\"screen-reader-response\"><p role=\"status\" aria-live=\"polite\" aria-atomic=\"true\"><\/p> <ul><\/ul><\/div>\n<form action=\"\/uk\/wp-json\/wp\/v2\/pages\/6931#wpcf7-f5-o1\" method=\"post\" class=\"wpcf7-form init\" aria-label=\"Contact form\" novalidate=\"novalidate\" data-status=\"init\" data-trp-original-action=\"\/uk\/wp-json\/wp\/v2\/pages\/6931#wpcf7-f5-o1\">\n<div style=\"display: none;\">\n<input type=\"hidden\" name=\"_wpcf7\" value=\"5\" \/>\n<input type=\"hidden\" name=\"_wpcf7_version\" value=\"5.8.7\" \/>\n<input type=\"hidden\" name=\"_wpcf7_locale\" value=\"en_US\" \/>\n<input type=\"hidden\" name=\"_wpcf7_unit_tag\" value=\"wpcf7-f5-o1\" \/>\n<input type=\"hidden\" name=\"_wpcf7_container_post\" value=\"0\" \/>\n<input type=\"hidden\" name=\"_wpcf7_posted_data_hash\" value=\"\" \/>\n<\/div>\n<p><label> \u0406\u043c'\u044f (\u043e\u0431\u043e\u0432'\u044f\u0437\u043a\u043e\u0432\u0438\u0439)<br \/>\n<span class=\"wpcf7-form-control-wrap\" data-name=\"your-name\"><input size=\"40\" class=\"wpcf7-form-control wpcf7-text wpcf7-validates-as-required\" aria-required=\"true\" aria-invalid=\"false\" value=\"\" type=\"text\" name=\"your-name\" \/><\/span> <\/label>\n<\/p>\n<p><label> E-mail (\u043e\u0431\u043e\u0432'\u044f\u0437\u043a\u043e\u0432\u0438\u0439)<br \/>\n<span class=\"wpcf7-form-control-wrap\" data-name=\"your-email\"><input size=\"40\" class=\"wpcf7-form-control wpcf7-email wpcf7-validates-as-required wpcf7-text wpcf7-validates-as-email\" aria-required=\"true\" aria-invalid=\"false\" value=\"\" type=\"email\" name=\"your-email\" \/><\/span> <\/label>\n<\/p>\n<p><label> T\u0435\u043b\u0435\u0444\u043e\u043d (\u043e\u0431\u043e\u0432'\u044f\u0437\u043a\u043e\u0432\u0438\u0439)<br \/>\n<span class=\"wpcf7-form-control-wrap\" data-name=\"tel-649\"><input size=\"40\" class=\"wpcf7-form-control wpcf7-tel wpcf7-text wpcf7-validates-as-tel\" aria-invalid=\"false\" value=\"\" type=\"tel\" name=\"tel-649\" \/><\/span> <\/label>\n<\/p>\n<p><label> T\u0435\u043c\u0430<br \/>\n<span class=\"wpcf7-form-control-wrap\" data-name=\"your-subject\"><input size=\"40\" class=\"wpcf7-form-control wpcf7-text\" aria-invalid=\"false\" value=\"\" type=\"text\" name=\"your-subject\" \/><\/span> <\/label>\n<\/p>\n<p><label> \u041f\u043e\u0432\u0456\u0434\u043e\u043c\u043b\u0435\u043d\u043d\u044f<br \/>\n<span class=\"wpcf7-form-control-wrap\" data-name=\"your-message\"><textarea cols=\"40\" rows=\"10\" class=\"wpcf7-form-control wpcf7-textarea\" aria-invalid=\"false\" name=\"your-message\"><\/textarea><\/span> <\/label>\n<\/p>\n<p><input class=\"wpcf7-form-control wpcf7-submit has-spinner\" type=\"submit\" value=\"\u041d\u0430\u0434\u0456\u0441\u043b\u0430\u0442\u0438\" \/>\n<\/p><p style=\"display: none !important;\" class=\"akismet-fields-container\" data-prefix=\"_wpcf7_ak_\"><label>&#916;<textarea name=\"_wpcf7_ak_hp_textarea\" cols=\"45\" rows=\"8\" maxlength=\"100\"><\/textarea><\/label><input type=\"hidden\" id=\"ak_js_1\" name=\"_wpcf7_ak_js\" value=\"245\"\/><script>document.getElementById( \"ak_js_1\" ).setAttribute( \"value\", ( new Date() ).getTime() );<\/script><\/p><div class=\"wpcf7-response-output\" aria-hidden=\"true\"><\/div>\n<input type=\"hidden\" name=\"trp-form-language\" value=\"uk\"\/><\/form>\n<\/div>\n<\/div>\n\t\t\t\t<\/div>\n\t\t\t\t<\/div>\n\t\t\t\t\t\t<\/div>\n\t\t\t\t\t<\/div>\n\t\t<\/div>\n\t\t\t\t\t\t\t\t<\/div>\n\t\t\t\t\t<\/div>\n\t\t<\/section>\n\t\t\t\t\t\t\t\t\t<\/div>\n\t\t\t<\/div>\n\t\t\t\t\t<\/div>","protected":false},"excerpt":{"rendered":"<p>Kardiol\u00f3gia a Verum Medical Centerben Milyen panaszokkal kell kardiol\u00f3gushoz fordulni? megn\u00f6vekedett v\u00e9rnyom\u00e1s, sz\u00edvm\u0171k\u00f6d\u00e9si zavarok, szapora sz\u00edvver\u00e9s, l\u00e9gszomj. Kor\u00e1bban meg\u00e1llap\u00edtott betegs\u00e9gek, a diagn\u00f3zis \u00e9s a kezel\u00e9s, valamint a betegs\u00e9g lefoly\u00e1s\u00e1nak nyomon k\u00f6vet\u00e9se c\u00e9lj\u00e1b\u00f3l. T\u00fals\u00faly, a sz\u00edv- \u00e9s \u00e9rrendszeri betegs\u00e9gek kialakul\u00e1s\u00e1nak megel\u0151z\u00e9se \u00e9rdek\u00e9ben. Szakmai \u00e1ttekint\u00e9s k\u00e9sz\u00edt\u00e9se. P\u00e9ld\u00e1ul, ha sportol\u00e1st tervez, az esetleges sz\u00edvkock\u00e1zatok kiz\u00e1r\u00e1sa \u00e9rdek\u00e9ben. Endokrin betegs\u00e9gek,&#8230;<\/p>","protected":false},"author":1,"featured_media":0,"parent":0,"menu_order":0,"comment_status":"closed","ping_status":"closed","template":"","meta":{"_themeisle_gutenberg_block_has_review":false},"yoast_head":"<!-- This site is optimized with the Yoast SEO plugin v22.0 - https:\/\/yoast.com\/wordpress\/plugins\/seo\/ -->\n<title>Kardiol\u00f3gia - Verum Medical<\/title>\n<meta name=\"robots\" content=\"index, follow, max-snippet:-1, max-image-preview:large, max-video-preview:-1\" \/>\n<link rel=\"canonical\" href=\"https:\/\/verummedical.hu\/uk\/kardiologia\/\" \/>\n<meta property=\"og:locale\" content=\"uk_UA\" \/>\n<meta property=\"og:type\" content=\"article\" \/>\n<meta property=\"og:title\" content=\"Kardiol\u00f3gia - Verum Medical\" \/>\n<meta property=\"og:description\" content=\"Kardiol\u00f3gia a Verum Medical Centerben Milyen panaszokkal kell kardiol\u00f3gushoz fordulni? megn\u00f6vekedett v\u00e9rnyom\u00e1s, sz\u00edvm\u0171k\u00f6d\u00e9si zavarok, szapora sz\u00edvver\u00e9s, l\u00e9gszomj. Kor\u00e1bban meg\u00e1llap\u00edtott betegs\u00e9gek, a diagn\u00f3zis \u00e9s a kezel\u00e9s, valamint a betegs\u00e9g lefoly\u00e1s\u00e1nak nyomon k\u00f6vet\u00e9se c\u00e9lj\u00e1b\u00f3l. T\u00fals\u00faly, a sz\u00edv- \u00e9s \u00e9rrendszeri betegs\u00e9gek kialakul\u00e1s\u00e1nak megel\u0151z\u00e9se \u00e9rdek\u00e9ben. Szakmai \u00e1ttekint\u00e9s k\u00e9sz\u00edt\u00e9se. P\u00e9ld\u00e1ul, ha sportol\u00e1st tervez, az esetleges sz\u00edvkock\u00e1zatok kiz\u00e1r\u00e1sa \u00e9rdek\u00e9ben. Endokrin betegs\u00e9gek,...\" \/>\n<meta property=\"og:url\" content=\"https:\/\/verummedical.hu\/uk\/kardiologia\/\" \/>\n<meta property=\"og:site_name\" content=\"Verum Medical\" \/>\n<meta property=\"article:modified_time\" content=\"2024-08-26T09:11:00+00:00\" \/>\n<meta property=\"og:image\" content=\"https:\/\/mlc5hotfuoat.i.optimole.com\/w:auto\/h:auto\/q:mauto\/f:best\/http:\/\/verummedical.hu\/wp-content\/uploads\/2021\/11\/team43.png\" \/>\n<meta name=\"twitter:card\" content=\"summary_large_image\" \/>\n<meta name=\"twitter:label1\" content=\"\u041f\u0440\u0438\u0431\u043b. \u0447\u0430\u0441 \u0447\u0438\u0442\u0430\u043d\u043d\u044f\" \/>\n\t<meta name=\"twitter:data1\" content=\"2 \u0445\u0432\u0438\u043b\u0438\u043d\u0438\" \/>\n<!-- \/ Yoast SEO plugin. -->","yoast_head_json":{"title":"Kardiol\u00f3gia - Verum Medical","robots":{"index":"index","follow":"follow","max-snippet":"max-snippet:-1","max-image-preview":"max-image-preview:large","max-video-preview":"max-video-preview:-1"},"canonical":"https:\/\/verummedical.hu\/uk\/kardiologia\/","og_locale":"uk_UA","og_type":"article","og_title":"Kardiol\u00f3gia - Verum Medical","og_description":"Kardiol\u00f3gia a Verum Medical Centerben Milyen panaszokkal kell kardiol\u00f3gushoz fordulni? megn\u00f6vekedett v\u00e9rnyom\u00e1s, sz\u00edvm\u0171k\u00f6d\u00e9si zavarok, szapora sz\u00edvver\u00e9s, l\u00e9gszomj. Kor\u00e1bban meg\u00e1llap\u00edtott betegs\u00e9gek, a diagn\u00f3zis \u00e9s a kezel\u00e9s, valamint a betegs\u00e9g lefoly\u00e1s\u00e1nak nyomon k\u00f6vet\u00e9se c\u00e9lj\u00e1b\u00f3l. T\u00fals\u00faly, a sz\u00edv- \u00e9s \u00e9rrendszeri betegs\u00e9gek kialakul\u00e1s\u00e1nak megel\u0151z\u00e9se \u00e9rdek\u00e9ben. Szakmai \u00e1ttekint\u00e9s k\u00e9sz\u00edt\u00e9se. P\u00e9ld\u00e1ul, ha sportol\u00e1st tervez, az esetleges sz\u00edvkock\u00e1zatok kiz\u00e1r\u00e1sa \u00e9rdek\u00e9ben. Endokrin betegs\u00e9gek,...","og_url":"https:\/\/verummedical.hu\/uk\/kardiologia\/","og_site_name":"Verum Medical","article_modified_time":"2024-08-26T09:11:00+00:00","og_image":[{"url":"https:\/\/mlc5hotfuoat.i.optimole.com\/w:auto\/h:auto\/q:mauto\/f:best\/http:\/\/verummedical.hu\/wp-content\/uploads\/2021\/11\/team43.png"}],"twitter_card":"summary_large_image","twitter_misc":{"\u041f\u0440\u0438\u0431\u043b. \u0447\u0430\u0441 \u0447\u0438\u0442\u0430\u043d\u043d\u044f":"2 \u0445\u0432\u0438\u043b\u0438\u043d\u0438"},"schema":{"@context":"https:\/\/schema.org","@graph":[]}},"_links":{"self":[{"href":"https:\/\/verummedical.hu\/uk\/wp-json\/wp\/v2\/pages\/6931"}],"collection":[{"href":"https:\/\/verummedical.hu\/uk\/wp-json\/wp\/v2\/pages"}],"about":[{"href":"https:\/\/verummedical.hu\/uk\/wp-json\/wp\/v2\/types\/page"}],"author":[{"embeddable":true,"href":"https:\/\/verummedical.hu\/uk\/wp-json\/wp\/v2\/users\/1"}],"replies":[{"embeddable":true,"href":"https:\/\/verummedical.hu\/uk\/wp-json\/wp\/v2\/comments?post=6931"}],"version-history":[{"count":4,"href":"https:\/\/verummedical.hu\/uk\/wp-json\/wp\/v2\/pages\/6931\/revisions"}],"predecessor-version":[{"id":6935,"href":"https:\/\/verummedical.hu\/uk\/wp-json\/wp\/v2\/pages\/6931\/revisions\/6935"}],"wp:attachment":[{"href":"https:\/\/verummedical.hu\/uk\/wp-json\/wp\/v2\/media?parent=6931"}],"curies":[{"name":"wp","href":"https:\/\/api.w.org\/{rel}","templated":true}]}}