{"id":6960,"date":"2024-09-03T09:53:54","date_gmt":"2024-09-03T07:53:54","guid":{"rendered":"https:\/\/verummedical.hu\/?page_id=6960"},"modified":"2025-12-01T11:12:20","modified_gmt":"2025-12-01T10:12:20","slug":"labor","status":"publish","type":"page","link":"https:\/\/verummedical.hu\/uk\/labor\/","title":{"rendered":"\u041b\u0430\u0431\u043e\u0440\u0430\u0442\u043e\u0440\u0456\u0457 (Spektrumlab)"},"content":{"rendered":"<div data-elementor-type=\"wp-post\" data-elementor-id=\"6960\" class=\"elementor elementor-6960\">\n\t\t\t\t\t\t<div class=\"elementor-inner\">\n\t\t\t\t<div class=\"elementor-section-wrap\">\n\t\t\t\t\t\t\t<div class=\"elementor-element elementor-element-e84d562 e-flex e-con-boxed e-con e-parent\" data-id=\"e84d562\" data-element_type=\"container\" data-settings=\"{&quot;content_width&quot;:&quot;boxed&quot;}\" data-core-v316-plus=\"true\">\n\t\t\t\t\t<div class=\"e-con-inner\">\n\t\t\t\t<div class=\"elementor-element elementor-element-127ac00 elementor-widget elementor-widget-heading\" data-id=\"127ac00\" data-element_type=\"widget\" data-widget_type=\"heading.default\">\n\t\t\t\t<div class=\"elementor-widget-container\">\n\t\t\t<h2 class=\"elementor-heading-title elementor-size-default\">Labor a Verum Medical Centerben<\/h2>\t\t<\/div>\n\t\t\t\t<\/div>\n\t\t\t\t\t<\/div>\n\t\t\t\t<\/div>\n\t\t<div class=\"elementor-element elementor-element-3aa4789 e-flex e-con-boxed e-con e-parent\" data-id=\"3aa4789\" data-element_type=\"container\" data-settings=\"{&quot;content_width&quot;:&quot;boxed&quot;}\" data-core-v316-plus=\"true\">\n\t\t\t\t\t<div class=\"e-con-inner\">\n\t\t\t\t<div class=\"elementor-element elementor-element-f2451fe elementor-widget elementor-widget-accordion\" data-id=\"f2451fe\" data-element_type=\"widget\" data-widget_type=\"accordion.default\">\n\t\t\t\t<div class=\"elementor-widget-container\">\n\t\t\t\t\t<div class=\"elementor-accordion\">\n\t\t\t\t\t\t\t<div class=\"elementor-accordion-item\">\n\t\t\t\t\t<div id=\"elementor-tab-title-2541\" class=\"elementor-tab-title\" data-tab=\"1\" role=\"button\" aria-controls=\"elementor-tab-content-2541\" aria-expanded=\"false\">\n\t\t\t\t\t\t\t\t\t\t\t\t\t<span class=\"elementor-accordion-icon elementor-accordion-icon-left\" aria-hidden=\"true\">\n\t\t\t\t\t\t\t\t\t\t\t\t\t\t\t<span class=\"elementor-accordion-icon-closed\"><i class=\"fas fa-plus\"><\/i><\/span>\n\t\t\t\t\t\t\t\t<span class=\"elementor-accordion-icon-opened\"><i class=\"fas fa-minus\"><\/i><\/span>\n\t\t\t\t\t\t\t\t\t\t\t\t\t\t<\/span>\n\t\t\t\t\t\t\t\t\t\t\t\t<a class=\"elementor-accordion-title\" tabindex=\"0\">Csomag \u00f6sszes\u00edt\u0151<\/a>\n\t\t\t\t\t<\/div>\n\t\t\t\t\t<div id=\"elementor-tab-content-2541\" class=\"elementor-tab-content elementor-clearfix\" data-tab=\"1\" role=\"region\" aria-labelledby=\"elementor-tab-title-2541\"><p>A jelenleg el\u00e9rhet\u0151 csomagjainkat lejjebb tudja megtekinteni.<\/p><\/div>\n\t\t\t\t<\/div>\n\t\t\t\t\t\t\t<div class=\"elementor-accordion-item\">\n\t\t\t\t\t<div id=\"elementor-tab-title-2542\" class=\"elementor-tab-title\" data-tab=\"2\" role=\"button\" aria-controls=\"elementor-tab-content-2542\" aria-expanded=\"false\">\n\t\t\t\t\t\t\t\t\t\t\t\t\t<span class=\"elementor-accordion-icon elementor-accordion-icon-left\" aria-hidden=\"true\">\n\t\t\t\t\t\t\t\t\t\t\t\t\t\t\t<span class=\"elementor-accordion-icon-closed\"><i class=\"fas fa-plus\"><\/i><\/span>\n\t\t\t\t\t\t\t\t<span class=\"elementor-accordion-icon-opened\"><i class=\"fas fa-minus\"><\/i><\/span>\n\t\t\t\t\t\t\t\t\t\t\t\t\t\t<\/span>\n\t\t\t\t\t\t\t\t\t\t\t\t<a class=\"elementor-accordion-title\" tabindex=\"0\">Lakoss\u00e1gi \u00e1rlista<\/a>\n\t\t\t\t\t<\/div>\n\t\t\t\t\t<div id=\"elementor-tab-content-2542\" class=\"elementor-tab-content elementor-clearfix\" data-tab=\"2\" role=\"region\" aria-labelledby=\"elementor-tab-title-2542\"><p>Lakoss\u00e1gi \u00e1rlist\u00e1nkat itt tudja let\u00f6lteni:<\/p><ul><li><a href=\"https:\/\/verummedical.hu\/wp-content\/uploads\/2025\/11\/lakossagi-arlista-2.pdf\">Lakoss\u00e1gi \u00e1rlista<\/a><\/li><li><a href=\"https:\/\/verummedical.hu\/wp-content\/uploads\/2024\/09\/Reszletes_Pajzsmirigy_alap_csomag_20240201.pdf\">Pajzsmirigy alapcsomag<\/a><\/li><li><a href=\"https:\/\/verummedical.hu\/wp-content\/uploads\/2024\/09\/Reszletes_Pajzsmirigy_plus_csomag_20240201.pdf\">Pajzsmirigy plusz csomag<\/a><\/li><li><a href=\"https:\/\/verummedical.hu\/wp-content\/uploads\/2024\/09\/Reszletes_Senior_ffi_csomag_20240201.pdf\">Senior f\u00e9rfi csomag<\/a><\/li><li><a href=\"https:\/\/verummedical.hu\/wp-content\/uploads\/2024\/09\/Reszletes_Senior_noi_csomag_20240201-1.pdf\">Senior n\u0151i csomag<\/a><\/li><li><a href=\"https:\/\/verummedical.hu\/wp-content\/uploads\/2024\/09\/Reszletes_Tumor_noi_csomag_20240201.pdf\">Tumor n\u0151i csomag<\/a><\/li><li><a href=\"https:\/\/spektrumlab.hu\/vitalitas-csomag\">Vitalit\u00e1s csomag<\/a><\/li><li><a href=\"https:\/\/verummedical.hu\/wp-content\/uploads\/2024\/09\/Reszletes_Vitalitas_plus_csomag_20240201.pdf\">Vitalit\u00e1s plusz csomag<\/a><\/li><li><a href=\"https:\/\/spektrumlab.hu\/paros-csomag\">P\u00e1ros csomag<\/a><\/li><li><a href=\"https:\/\/spektrumlab.hu\/d-vitamin-csomag\">D-vitamin csomag<\/a><\/li><li><a href=\"https:\/\/spektrumlab.hu\/babatervezo-csomag\">Babatervez<\/a><a href=\"https:\/\/verummedical.hu\/wp-content\/uploads\/2024\/09\/Reszletes_Tumor_noi_csomag_20240201.pdf\">\u0151<\/a><a href=\"https:\/\/spektrumlab.hu\/babatervezo-csomag\"> csomag<\/a><\/li><li><a href=\"https:\/\/spektrumlab.hu\/pcos-csomag\">PCOS csomag<\/a><\/li><li><a href=\"https:\/\/spektrumlab.hu\/poszt-covid-vizsgalati-csomag\">Post-Covid vizsg\u00e1lati csomag<\/a><\/li><li><a href=\"https:\/\/spektrumlab.hu\/poszt-covid-plusz-csomag\">Post-Covid plusz csomag<\/a><\/li><li><a href=\"https:\/\/spektrumlab.hu\/csontritkulas-csomag\">Csontritkul\u00e1s csomag<\/a><\/li><li><a href=\"https:\/\/spektrumlab.hu\/hajhullas-csomag-ferfiaknak\">Hajhull\u00e1s csomag f\u00e9rfiaknak<\/a><\/li><li><a href=\"https:\/\/spektrumlab.hu\/hajhullas-csomag-noknek\">Hajhull\u00e1s csomag n\u0151knek<\/a><\/li><li><a href=\"https:\/\/spektrumlab.hu\/PSA-csomag\">PSA csomag<\/a><\/li><li><a href=\"https:\/\/spektrumlab.hu\/afterparty-csomag\">After party csomag<\/a><\/li><li><a href=\"https:\/\/spektrumlab.hu\/afterpartyplusz-csomag\">Afterparty Plusz-csomag<\/a><\/li><li><a href=\"https:\/\/spektrumlab.hu\/sport-csomag-ferfiaknak\">Sport csomag f\u00e9rfiaknak<\/a><\/li><li><a href=\"https:\/\/spektrumlab.hu\/sport-csomag-noknek\">Sport csomag n\u0151knek<\/a><\/li><li><a href=\"https:\/\/spektrumlab.hu\/ferfi-potencia-csomag\">F\u00e9rfi potencia csomag<\/a><\/li><li><a href=\"https:\/\/spektrumlab.hu\/szivugy-csomag\">Sz\u00edv\u00fcgy csomag<\/a><\/li><li><a href=\"https:\/\/spektrumlab.hu\/szivugy-plusz-csomag\">Sz\u00edv\u00fcgy plusz csomag<\/a><\/li><li><a href=\"https:\/\/spektrumlab.hu\/harmonia-csomag\">Harm\u00f3nia csomag<\/a><\/li><li>\u00a0<\/li><\/ul><\/div>\n\t\t\t\t<\/div>\n\t\t\t\t\t\t\t\t<\/div>\n\t\t\t\t<\/div>\n\t\t\t\t<\/div>\n\t\t\t\t<div class=\"elementor-element elementor-element-6636345 elementor-widget elementor-widget-image\" data-id=\"6636345\" data-element_type=\"widget\" data-widget_type=\"image.default\">\n\t\t\t\t<div class=\"elementor-widget-container\">\n\t\t\t\t\t\t\t\t<div class=\"elementor-image\">\n\t\t\t\t\t\t\t\t\t\t\t\t<img data-opt-id=2045922499  fetchpriority=\"high\" decoding=\"async\" width=\"410\" height=\"492\" src=\"https:\/\/mlc5hotfuoat.i.optimole.com\/w:auto\/h:auto\/q:mauto\/f:best\/https:\/\/verummedical.hu\/wp-content\/uploads\/2021\/11\/team43.png\" class=\"attachment-1536x1536 size-1536x1536 wp-image-4428\" alt=\"\" srcset=\"https:\/\/mlc5hotfuoat.i.optimole.com\/w:410\/h:492\/q:mauto\/f:best\/https:\/\/verummedical.hu\/wp-content\/uploads\/2021\/11\/team43.png 410w, https:\/\/mlc5hotfuoat.i.optimole.com\/w:250\/h:300\/q:mauto\/f:best\/https:\/\/verummedical.hu\/wp-content\/uploads\/2021\/11\/team43.png 250w\" sizes=\"(max-width: 410px) 100vw, 410px\" \/>\t\t\t\t\t\t\t\t\t\t\t\t\t\t<\/div>\n\t\t\t\t\t\t<\/div>\n\t\t\t\t<\/div>\n\t\t\t\t\t<\/div>\n\t\t\t\t<\/div>\n\t\t\t\t<section class=\"elementor-section elementor-top-section elementor-element elementor-element-1bf3e6f elementor-section-stretched elementor-section-boxed elementor-section-height-default elementor-section-height-default\" data-id=\"1bf3e6f\" data-element_type=\"section\" data-settings=\"{&quot;stretch_section&quot;:&quot;section-stretched&quot;,&quot;background_background&quot;:&quot;classic&quot;}\">\n\t\t\t\t\t\t<div class=\"elementor-container elementor-column-gap-no\">\n\t\t\t\t\t\t\t<div class=\"elementor-row\">\n\t\t\t\t\t<div class=\"elementor-column elementor-col-50 elementor-top-column elementor-element elementor-element-25b3615\" data-id=\"25b3615\" data-element_type=\"column\">\n\t\t\t<div class=\"elementor-column-wrap elementor-element-populated\">\n\t\t\t\t\t\t\t<div class=\"elementor-widget-wrap\">\n\t\t\t\t\t\t<div class=\"elementor-element elementor-element-83ca8ba elementor-widget elementor-widget-spacer\" data-id=\"83ca8ba\" data-element_type=\"widget\" data-widget_type=\"spacer.default\">\n\t\t\t\t<div class=\"elementor-widget-container\">\n\t\t\t\t\t<div class=\"elementor-spacer\">\n\t\t\t<div class=\"elementor-spacer-inner\"><\/div>\n\t\t<\/div>\n\t\t\t\t<\/div>\n\t\t\t\t<\/div>\n\t\t\t\t<section class=\"elementor-section elementor-inner-section elementor-element elementor-element-ce831c3 elementor-section-boxed elementor-section-height-default elementor-section-height-default\" data-id=\"ce831c3\" data-element_type=\"section\">\n\t\t\t\t\t\t<div class=\"elementor-container elementor-column-gap-default\">\n\t\t\t\t\t\t\t<div class=\"elementor-row\">\n\t\t\t\t\t<div class=\"elementor-column elementor-col-100 elementor-inner-column elementor-element elementor-element-1779515\" data-id=\"1779515\" data-element_type=\"column\">\n\t\t\t<div class=\"elementor-column-wrap elementor-element-populated\">\n\t\t\t\t\t\t\t<div class=\"elementor-widget-wrap\">\n\t\t\t\t\t\t<div class=\"elementor-element elementor-element-2927109 elementor-widget elementor-widget-rt-title\" data-id=\"2927109\" data-element_type=\"widget\" data-widget_type=\"rt-title.default\">\n\t\t\t\t<div class=\"elementor-widget-container\">\n\t\t\t\r\n<div class=\"rt-el-title section-heading heading-layout4  dark style4\">\t\r\n        <span class=\"rtin-beforetitle\"><\/span>\r\n        <h2 class=\"rtin-title\">\u0427\u043e\u043c\u0443 \u043e\u0431\u0438\u0440\u0430\u044e\u0442\u044c \u043d\u0430\u0441?<\/h2>        \r\n        <\/div>\t\t<\/div>\n\t\t\t\t<\/div>\n\t\t\t\t<div class=\"elementor-element elementor-element-63e16c7 elementor-widget elementor-widget-rt-info-box\" data-id=\"63e16c7\" data-element_type=\"widget\" data-widget_type=\"rt-info-box.default\">\n\t\t\t\t<div class=\"elementor-widget-container\">\n\t\t\t\r\n<div class=\"rt-el-info-box clearfix media  rtin-light rtin-style11\">\r\n\t<div class=\"rtin-icon\">\r\n\t\t\t\t\t\t\t\t\t\t\t<i class=\"primaryColor fa fa-stethoscope\" aria-hidden=\"true\"><\/i>\r\n\t\t\t\t\t\t<\/div>\r\n\t<div class=\"media-body rtin-content\">\r\n\t\t<h3 class=\"media-heading rtin-title\"><a href=\"#\">\u041c\u0438 \u0432\u0438\u043a\u043e\u0440\u0438\u0441\u0442\u043e\u0432\u0443\u0454\u043c\u043e \u0441\u0443\u0447\u0430\u0441\u043d\u0456 \u0442\u0435\u0445\u043d\u043e\u043b\u043e\u0433\u0456\u0457<\/a><\/h3>\r\n\t\t<p class=\"rtin-text\"><\/p>\r\n\t<\/div>\r\n<\/div>\t\t<\/div>\n\t\t\t\t<\/div>\n\t\t\t\t<div class=\"elementor-element elementor-element-a7cab00 elementor-widget elementor-widget-rt-info-box\" data-id=\"a7cab00\" data-element_type=\"widget\" data-widget_type=\"rt-info-box.default\">\n\t\t\t\t<div class=\"elementor-widget-container\">\n\t\t\t\r\n<div class=\"rt-el-info-box clearfix media  rtin-light rtin-style11\">\r\n\t<div class=\"rtin-icon\">\r\n\t\t\t\t\t\t\t\t\t\t\t<i class=\"primaryColor fa fa-user-md\" aria-hidden=\"true\"><\/i>\r\n\t\t\t\t\t\t<\/div>\r\n\t<div class=\"media-body rtin-content\">\r\n\t\t<h3 class=\"media-heading rtin-title\">\u041d\u0430\u0448\u0456 \u0441\u043f\u0435\u0446\u0456\u0430\u043b\u0456\u0441\u0442\u0438 \u043d\u0430\u0439\u043a\u0440\u0430\u0449\u0456<\/h3>\r\n\t\t<p class=\"rtin-text\"><\/p>\r\n\t<\/div>\r\n<\/div>\t\t<\/div>\n\t\t\t\t<\/div>\n\t\t\t\t\t\t<\/div>\n\t\t\t\t\t<\/div>\n\t\t<\/div>\n\t\t\t\t\t\t\t\t<\/div>\n\t\t\t\t\t<\/div>\n\t\t<\/section>\n\t\t\t\t<div class=\"elementor-element elementor-element-0822820 elementor-widget elementor-widget-rt-info-box\" data-id=\"0822820\" data-element_type=\"widget\" data-widget_type=\"rt-info-box.default\">\n\t\t\t\t<div class=\"elementor-widget-container\">\n\t\t\t\r\n<div class=\"rt-el-info-box clearfix media  rtin-light rtin-style11\">\r\n\t<div class=\"rtin-icon\">\r\n\t\t\t\t\t\t\t\t\t\t\t<i class=\"primaryColor fa fa-trophy\" aria-hidden=\"true\"><\/i>\r\n\t\t\t\t\t\t<\/div>\r\n\t<div class=\"media-body rtin-content\">\r\n\t\t<h3 class=\"media-heading rtin-title\">\u0423 \u043d\u0430\u0441 \u0432\u0456\u0434\u043c\u0456\u043d\u043d\u0456 \u0432\u0456\u0434\u043d\u043e\u0441\u0438\u043d\u0438 \u0437 \u043a\u043b\u0456\u0454\u043d\u0442\u0430\u043c\u0438<\/h3>\r\n\t\t<p class=\"rtin-text\"><\/p>\r\n\t<\/div>\r\n<\/div>\t\t<\/div>\n\t\t\t\t<\/div>\n\t\t\t\t<div class=\"elementor-element elementor-element-695ba07 elementor-widget elementor-widget-rt-info-box\" data-id=\"695ba07\" data-element_type=\"widget\" data-widget_type=\"rt-info-box.default\">\n\t\t\t\t<div class=\"elementor-widget-container\">\n\t\t\t\r\n<div class=\"rt-el-info-box clearfix media  rtin-light rtin-style11\">\r\n\t<div class=\"rtin-icon\">\r\n\t\t\t\t\t\t\t\t\t\t\t<i class=\"primaryColor fa fa-clock-o\" aria-hidden=\"true\"><\/i>\r\n\t\t\t\t\t\t<\/div>\r\n\t<div class=\"media-body rtin-content\">\r\n\t\t<h3 class=\"media-heading rtin-title\">\u0422\u0440\u0438\u0432\u0430\u043b\u0438\u0439 \u0447\u0430\u0441 \u0440\u043e\u0431\u043e\u0442\u0438 \u043d\u0430\u0432\u0456\u0442\u044c \u0443 \u0432\u0438\u0445\u0456\u0434\u043d\u0456.<\/h3>\r\n\t\t<p class=\"rtin-text\"><\/p>\r\n\t<\/div>\r\n<\/div>\t\t<\/div>\n\t\t\t\t<\/div>\n\t\t\t\t\t\t<\/div>\n\t\t\t\t\t<\/div>\n\t\t<\/div>\n\t\t\t\t<div class=\"elementor-column elementor-col-50 elementor-top-column elementor-element elementor-element-65112d9\" data-id=\"65112d9\" data-element_type=\"column\" data-settings=\"{&quot;background_background&quot;:&quot;classic&quot;}\">\n\t\t\t<div class=\"elementor-column-wrap elementor-element-populated\">\n\t\t\t\t\t\t\t<div class=\"elementor-widget-wrap\">\n\t\t\t\t\t\t<div class=\"elementor-element elementor-element-c01503b elementor-widget elementor-widget-spacer\" data-id=\"c01503b\" data-element_type=\"widget\" data-widget_type=\"spacer.default\">\n\t\t\t\t<div class=\"elementor-widget-container\">\n\t\t\t\t\t<div class=\"elementor-spacer\">\n\t\t\t<div class=\"elementor-spacer-inner\"><\/div>\n\t\t<\/div>\n\t\t\t\t<\/div>\n\t\t\t\t<\/div>\n\t\t\t\t<div class=\"elementor-element elementor-element-0f3e83c elementor-widget elementor-widget-rt-title\" data-id=\"0f3e83c\" data-element_type=\"widget\" data-widget_type=\"rt-title.default\">\n\t\t\t\t<div class=\"elementor-widget-container\">\n\t\t\t\r\n<div class=\"rt-el-title section-heading heading-layout4  dark style4\">\t\r\n        <span class=\"rtin-beforetitle\"><\/span>\r\n        <h2 class=\"rtin-title\">\u041a\u043e\u043d\u0442\u0430\u043a\u0442\u0438<\/h2>        \r\n        <\/div>\t\t<\/div>\n\t\t\t\t<\/div>\n\t\t\t\t<div class=\"elementor-element elementor-element-6cfa6dd elementor-widget elementor-widget-shortcode\" data-id=\"6cfa6dd\" data-element_type=\"widget\" data-widget_type=\"shortcode.default\">\n\t\t\t\t<div class=\"elementor-widget-container\">\n\t\t\t\t\t<div class=\"elementor-shortcode\">\n<div class=\"wpcf7 no-js\" id=\"wpcf7-f5-o1\" lang=\"en-US\" dir=\"ltr\">\n<div class=\"screen-reader-response\"><p role=\"status\" aria-live=\"polite\" aria-atomic=\"true\"><\/p> <ul><\/ul><\/div>\n<form action=\"\/uk\/wp-json\/wp\/v2\/pages\/6960#wpcf7-f5-o1\" method=\"post\" class=\"wpcf7-form init\" aria-label=\"Contact form\" novalidate=\"novalidate\" data-status=\"init\" data-trp-original-action=\"\/uk\/wp-json\/wp\/v2\/pages\/6960#wpcf7-f5-o1\">\n<div style=\"display: none;\">\n<input type=\"hidden\" name=\"_wpcf7\" value=\"5\" \/>\n<input type=\"hidden\" name=\"_wpcf7_version\" value=\"5.8.7\" \/>\n<input type=\"hidden\" name=\"_wpcf7_locale\" value=\"en_US\" \/>\n<input type=\"hidden\" name=\"_wpcf7_unit_tag\" value=\"wpcf7-f5-o1\" \/>\n<input type=\"hidden\" name=\"_wpcf7_container_post\" value=\"0\" \/>\n<input type=\"hidden\" name=\"_wpcf7_posted_data_hash\" value=\"\" \/>\n<\/div>\n<p><label> \u0406\u043c'\u044f (\u043e\u0431\u043e\u0432'\u044f\u0437\u043a\u043e\u0432\u0438\u0439)<br \/>\n<span class=\"wpcf7-form-control-wrap\" data-name=\"your-name\"><input size=\"40\" class=\"wpcf7-form-control wpcf7-text wpcf7-validates-as-required\" aria-required=\"true\" aria-invalid=\"false\" value=\"\" type=\"text\" name=\"your-name\" \/><\/span> <\/label>\n<\/p>\n<p><label> E-mail (\u043e\u0431\u043e\u0432'\u044f\u0437\u043a\u043e\u0432\u0438\u0439)<br \/>\n<span class=\"wpcf7-form-control-wrap\" data-name=\"your-email\"><input size=\"40\" class=\"wpcf7-form-control wpcf7-email wpcf7-validates-as-required wpcf7-text wpcf7-validates-as-email\" aria-required=\"true\" aria-invalid=\"false\" value=\"\" type=\"email\" name=\"your-email\" \/><\/span> <\/label>\n<\/p>\n<p><label> T\u0435\u043b\u0435\u0444\u043e\u043d (\u043e\u0431\u043e\u0432'\u044f\u0437\u043a\u043e\u0432\u0438\u0439)<br \/>\n<span class=\"wpcf7-form-control-wrap\" data-name=\"tel-649\"><input size=\"40\" class=\"wpcf7-form-control wpcf7-tel wpcf7-text wpcf7-validates-as-tel\" aria-invalid=\"false\" value=\"\" type=\"tel\" name=\"tel-649\" \/><\/span> <\/label>\n<\/p>\n<p><label> T\u0435\u043c\u0430<br \/>\n<span class=\"wpcf7-form-control-wrap\" data-name=\"your-subject\"><input size=\"40\" class=\"wpcf7-form-control wpcf7-text\" aria-invalid=\"false\" value=\"\" type=\"text\" name=\"your-subject\" \/><\/span> <\/label>\n<\/p>\n<p><label> \u041f\u043e\u0432\u0456\u0434\u043e\u043c\u043b\u0435\u043d\u043d\u044f<br \/>\n<span class=\"wpcf7-form-control-wrap\" data-name=\"your-message\"><textarea cols=\"40\" rows=\"10\" class=\"wpcf7-form-control wpcf7-textarea\" aria-invalid=\"false\" name=\"your-message\"><\/textarea><\/span> <\/label>\n<\/p>\n<p><input class=\"wpcf7-form-control wpcf7-submit has-spinner\" type=\"submit\" value=\"\u041d\u0430\u0434\u0456\u0441\u043b\u0430\u0442\u0438\" \/>\n<\/p><p style=\"display: none !important;\" class=\"akismet-fields-container\" data-prefix=\"_wpcf7_ak_\"><label>&#916;<textarea name=\"_wpcf7_ak_hp_textarea\" cols=\"45\" rows=\"8\" maxlength=\"100\"><\/textarea><\/label><input type=\"hidden\" id=\"ak_js_1\" name=\"_wpcf7_ak_js\" value=\"199\"\/><script>document.getElementById( \"ak_js_1\" ).setAttribute( \"value\", ( new Date() ).getTime() );<\/script><\/p><div class=\"wpcf7-response-output\" aria-hidden=\"true\"><\/div>\n<input type=\"hidden\" name=\"trp-form-language\" value=\"uk\"\/><\/form>\n<\/div>\n<\/div>\n\t\t\t\t<\/div>\n\t\t\t\t<\/div>\n\t\t\t\t\t\t<\/div>\n\t\t\t\t\t<\/div>\n\t\t<\/div>\n\t\t\t\t\t\t\t\t<\/div>\n\t\t\t\t\t<\/div>\n\t\t<\/section>\n\t\t\t\t\t\t\t\t\t<\/div>\n\t\t\t<\/div>\n\t\t\t\t\t<\/div>","protected":false},"excerpt":{"rendered":"<p>Labor a Verum Medical Centerben Csomag \u00f6sszes\u00edt\u0151 A jelenleg el\u00e9rhet\u0151 csomagjainkat lejjebb tudja megtekinteni. Lakoss\u00e1gi \u00e1rlista Lakoss\u00e1gi \u00e1rlist\u00e1nkat itt tudja let\u00f6lteni: Lakoss\u00e1gi \u00e1rlista Pajzsmirigy alapcsomag Pajzsmirigy plusz csomag Senior f\u00e9rfi csomag Senior n\u0151i csomag Tumor n\u0151i csomag Vitalit\u00e1s csomag Vitalit\u00e1s plusz csomag P\u00e1ros csomag D-vitamin csomag Babatervez\u0151 csomag PCOS csomag Post-Covid vizsg\u00e1lati csomag Post-Covid plusz&#8230;<\/p>","protected":false},"author":1,"featured_media":0,"parent":0,"menu_order":0,"comment_status":"closed","ping_status":"closed","template":"","meta":{"_themeisle_gutenberg_block_has_review":false},"yoast_head":"<!-- This site is optimized with the Yoast SEO plugin v22.0 - https:\/\/yoast.com\/wordpress\/plugins\/seo\/ -->\n<title>Labor - Verum Medical<\/title>\n<meta name=\"robots\" content=\"index, follow, max-snippet:-1, max-image-preview:large, max-video-preview:-1\" \/>\n<link rel=\"canonical\" href=\"https:\/\/verummedical.hu\/uk\/labor\/\" \/>\n<meta property=\"og:locale\" content=\"uk_UA\" \/>\n<meta property=\"og:type\" content=\"article\" \/>\n<meta property=\"og:title\" content=\"Labor - Verum Medical\" \/>\n<meta property=\"og:description\" content=\"Labor a Verum Medical Centerben Csomag \u00f6sszes\u00edt\u0151 A jelenleg el\u00e9rhet\u0151 csomagjainkat lejjebb tudja megtekinteni. Lakoss\u00e1gi \u00e1rlista Lakoss\u00e1gi \u00e1rlist\u00e1nkat itt tudja let\u00f6lteni: Lakoss\u00e1gi \u00e1rlista Pajzsmirigy alapcsomag Pajzsmirigy plusz csomag Senior f\u00e9rfi csomag Senior n\u0151i csomag Tumor n\u0151i csomag Vitalit\u00e1s csomag Vitalit\u00e1s plusz csomag P\u00e1ros csomag D-vitamin csomag Babatervez\u0151 csomag PCOS csomag Post-Covid vizsg\u00e1lati csomag Post-Covid plusz...\" \/>\n<meta property=\"og:url\" content=\"https:\/\/verummedical.hu\/uk\/labor\/\" \/>\n<meta property=\"og:site_name\" content=\"Verum Medical\" \/>\n<meta property=\"article:modified_time\" content=\"2025-12-01T10:12:20+00:00\" \/>\n<meta property=\"og:image\" content=\"https:\/\/mlc5hotfuoat.i.optimole.com\/w:auto\/h:auto\/q:mauto\/f:best\/http:\/\/verummedical.hu\/wp-content\/uploads\/2021\/11\/team43.png\" \/>\n<meta name=\"twitter:card\" content=\"summary_large_image\" \/>\n<meta name=\"twitter:label1\" content=\"\u041f\u0440\u0438\u0431\u043b. \u0447\u0430\u0441 \u0447\u0438\u0442\u0430\u043d\u043d\u044f\" \/>\n\t<meta name=\"twitter:data1\" content=\"1 \u0445\u0432\u0438\u043b\u0438\u043d\u0430\" \/>\n<!-- \/ Yoast SEO plugin. -->","yoast_head_json":{"title":"Labor - Verum Medical","robots":{"index":"index","follow":"follow","max-snippet":"max-snippet:-1","max-image-preview":"max-image-preview:large","max-video-preview":"max-video-preview:-1"},"canonical":"https:\/\/verummedical.hu\/uk\/labor\/","og_locale":"uk_UA","og_type":"article","og_title":"Labor - Verum Medical","og_description":"Labor a Verum Medical Centerben Csomag \u00f6sszes\u00edt\u0151 A jelenleg el\u00e9rhet\u0151 csomagjainkat lejjebb tudja megtekinteni. Lakoss\u00e1gi \u00e1rlista Lakoss\u00e1gi \u00e1rlist\u00e1nkat itt tudja let\u00f6lteni: Lakoss\u00e1gi \u00e1rlista Pajzsmirigy alapcsomag Pajzsmirigy plusz csomag Senior f\u00e9rfi csomag Senior n\u0151i csomag Tumor n\u0151i csomag Vitalit\u00e1s csomag Vitalit\u00e1s plusz csomag P\u00e1ros csomag D-vitamin csomag Babatervez\u0151 csomag PCOS csomag Post-Covid vizsg\u00e1lati csomag Post-Covid plusz...","og_url":"https:\/\/verummedical.hu\/uk\/labor\/","og_site_name":"Verum Medical","article_modified_time":"2025-12-01T10:12:20+00:00","og_image":[{"url":"https:\/\/mlc5hotfuoat.i.optimole.com\/w:auto\/h:auto\/q:mauto\/f:best\/http:\/\/verummedical.hu\/wp-content\/uploads\/2021\/11\/team43.png"}],"twitter_card":"summary_large_image","twitter_misc":{"\u041f\u0440\u0438\u0431\u043b. \u0447\u0430\u0441 \u0447\u0438\u0442\u0430\u043d\u043d\u044f":"1 \u0445\u0432\u0438\u043b\u0438\u043d\u0430"},"schema":{"@context":"https:\/\/schema.org","@graph":[]}},"_links":{"self":[{"href":"https:\/\/verummedical.hu\/uk\/wp-json\/wp\/v2\/pages\/6960"}],"collection":[{"href":"https:\/\/verummedical.hu\/uk\/wp-json\/wp\/v2\/pages"}],"about":[{"href":"https:\/\/verummedical.hu\/uk\/wp-json\/wp\/v2\/types\/page"}],"author":[{"embeddable":true,"href":"https:\/\/verummedical.hu\/uk\/wp-json\/wp\/v2\/users\/1"}],"replies":[{"embeddable":true,"href":"https:\/\/verummedical.hu\/uk\/wp-json\/wp\/v2\/comments?post=6960"}],"version-history":[{"count":40,"href":"https:\/\/verummedical.hu\/uk\/wp-json\/wp\/v2\/pages\/6960\/revisions"}],"predecessor-version":[{"id":7122,"href":"https:\/\/verummedical.hu\/uk\/wp-json\/wp\/v2\/pages\/6960\/revisions\/7122"}],"wp:attachment":[{"href":"https:\/\/verummedical.hu\/uk\/wp-json\/wp\/v2\/media?parent=6960"}],"curies":[{"name":"wp","href":"https:\/\/api.w.org\/{rel}","templated":true}]}}